{"id":117,"date":"2024-09-12T09:12:09","date_gmt":"2024-09-12T07:12:09","guid":{"rendered":"https:\/\/www.eoniapsicologia.com\/?page_id=117"},"modified":"2025-05-12T22:55:53","modified_gmt":"2025-05-12T20:55:53","slug":"laura-pinuela-martinez","status":"publish","type":"page","link":"https:\/\/www.eoniapsicologia.com\/index.php\/laura-pinuela-martinez\/","title":{"rendered":"Laura Pi\u00f1uela Mart\u00ednez"},"content":{"rendered":"\n<h2 class=\"wp-block-heading has-text-align-center has-text-color has-link-color wp-elements-6e0f4e6198496d0cfbaa1ef96ef8b39e\" style=\"color:#14d3e5\">Laura Pi\u00f1uela Mart\u00ednez<\/h2>\n\n\n\n<div class=\"wp-block-columns is-layout-flex wp-container-core-columns-is-layout-28f84493 wp-block-columns-is-layout-flex\">\n<div class=\"wp-block-column is-layout-flow wp-block-column-is-layout-flow\" style=\"flex-basis:33.33%\">\n<figure class=\"wp-block-image size-full\"><img loading=\"lazy\" decoding=\"async\" width=\"400\" height=\"450\" src=\"https:\/\/www.eoniapsicologia.com\/wp-content\/uploads\/2024\/09\/Laura_foto.png\" alt=\"\" class=\"wp-image-512\" srcset=\"https:\/\/www.eoniapsicologia.com\/wp-content\/uploads\/2024\/09\/Laura_foto.png 400w, https:\/\/www.eoniapsicologia.com\/wp-content\/uploads\/2024\/09\/Laura_foto-267x300.png 267w\" sizes=\"auto, (max-width: 400px) 100vw, 400px\" \/><\/figure>\n<\/div>\n\n\n\n<div class=\"wp-block-column is-vertically-aligned-center is-layout-flow wp-block-column-is-layout-flow\" style=\"flex-basis:66.66%\">\n<div class=\"wp-block-uagb-icon-list uagb-block-8ba3aa84\"><div class=\"uagb-icon-list__wrap\">\n<div class=\"wp-block-uagb-icon-list-child uagb-block-334ce340\"><span class=\"uagb-icon-list__source-wrap\"><svg xmlns=\"https:\/\/www.w3.org\/2000\/svg\" viewBox=\"0 0 512 512\"><path d=\"M256 8C119 8 8 119 8 256S119 504 256 504 504 393 504 256 393 8 256 8zm48.2 326.1h-181L207.9 178h181z\"><\/path><\/svg><\/span><span class=\"uagb-icon-list__label\">Graduada en Psicolog\u00eda por la Universidad CEU San Pablo de Madrid<\/span><\/div>\n\n\n\n<div class=\"wp-block-uagb-icon-list-child uagb-block-20e0ebb1\"><span class=\"uagb-icon-list__source-wrap\"><svg xmlns=\"https:\/\/www.w3.org\/2000\/svg\" viewBox=\"0 0 512 512\"><path d=\"M256 8C119 8 8 119 8 256S119 504 256 504 504 393 504 256 393 8 256 8zm48.2 326.1h-181L207.9 178h181z\"><\/path><\/svg><\/span><span class=\"uagb-icon-list__label\">M\u00e1ster en Psicolog\u00eda General Sanitaria<\/span><\/div>\n\n\n\n<div class=\"wp-block-uagb-icon-list-child uagb-block-e21159f4\"><span class=\"uagb-icon-list__source-wrap\"><svg xmlns=\"https:\/\/www.w3.org\/2000\/svg\" viewBox=\"0 0 512 512\"><path d=\"M256 8C119 8 8 119 8 256S119 504 256 504 504 393 504 256 393 8 256 8zm48.2 326.1h-181L207.9 178h181z\"><\/path><\/svg><\/span><span class=\"uagb-icon-list__label\">Especializaci\u00f3n en trastornos por d\u00e9ficit de atenci\u00f3n e hiperactividad<\/span><\/div>\n\n\n\n<div class=\"wp-block-uagb-icon-list-child uagb-block-1fdfbb82\"><span class=\"uagb-icon-list__source-wrap\"><svg xmlns=\"https:\/\/www.w3.org\/2000\/svg\" viewBox=\"0 0 512 512\"><path d=\"M256 8C119 8 8 119 8 256S119 504 256 504 504 393 504 256 393 8 256 8zm48.2 326.1h-181L207.9 178h181z\"><\/path><\/svg><\/span><span class=\"uagb-icon-list__label\">Numerosas formaciones en psicolog\u00eda cl\u00ednica y educativa infantojuvenil<\/span><\/div>\n\n\n\n<div class=\"wp-block-uagb-icon-list-child uagb-block-5d24d625\"><span class=\"uagb-icon-list__source-wrap\"><svg xmlns=\"https:\/\/www.w3.org\/2000\/svg\" viewBox=\"0 0 512 512\"><path d=\"M256 8C119 8 8 119 8 256S119 504 256 504 504 393 504 256 393 8 256 8zm48.2 326.1h-181L207.9 178h181z\"><\/path><\/svg><\/span><span class=\"uagb-icon-list__label\">Experiencia en intervenci\u00f3n psicol\u00f3gica infantojuvenil a nivel individual, escolar y familiar<\/span><\/div>\n<\/div><\/div>\n<\/div>\n<\/div>\n\n\n\n<div class=\"wp-block-uagb-icon-list uagb-block-ee51f171\"><div class=\"uagb-icon-list__wrap\"><\/div><\/div>\n\n\n\n<div class=\"wp-block-uagb-blockquote uagb-block-8cab6b55 uagb-blockquote__skin-border uagb-blockquote__with-tweet uagb-blockquote__tweet-style-classic uagb-blockquote__tweet-icon_text uagb-blockquote__stack-img-none\"><blockquote class=\"uagb-blockquote\"><div class=\"uagb-blockquote__content\">Disfruto plenamente con mi profesi\u00f3n y con cada paciente, considerando la terapia como un espacio en el que compartir, expresarse y crecer. Para ello pienso que es imprescindible crear un ambiente en el que prime el respeto y la comprensi\u00f3n, aspectos que intento personalizar en cada sesi\u00f3n a fin de que la persona se encuentre en un entorno de confianza y con la fuerza necesaria para enfrentarse a sus dificultades sin sentirse juzgado.<br>Principalmente me he formado en el \u00e1rea de la cl\u00ednica infantil y juvenil, teniendo experiencia en tratamiento de trastornos de la eliminaci\u00f3n, d\u00e9ficit de atenci\u00f3n con y sin hiperactividad, problemas de conducta, din\u00e1micas familiares inadecuadas, alta capacidad, miedos infantiles, t\u00e9cnicas de estudio, habilidades sociales, fobias, ansiedad o dificultades en el razonamiento (verbal, matem\u00e1tico, temporal, espacial) entre otros. Tambi\u00e9n colaboro con las familias y colegios pues son dos pilares fundamentales en el desarrollo del ni\u00f1o o joven<\/div><footer><div class=\"uagb-blockquote__author-wrap uagb-blockquote__author-at-left\"><\/div><a href=\"\/\" class=\"uagb-blockquote__tweet-button\" target=\"_blank\" rel=\"noopener noreferrer\"><svg width=\"20\" height=\"20\" viewBox=\"0 0 512 512\"><path d=\"M459.37 151.716c.325 4.548.325 9.097.325 13.645 0 138.72-105.583 298.558-298.558 298.558-59.452 0-114.68-17.219-161.137-47.106 8.447.974 16.568 1.299 25.34 1.299 49.055 0 94.213-16.568 130.274-44.832-46.132-.975-84.792-31.188-98.112-72.772 6.498.974 12.995 1.624 19.818 1.624 9.421 0 18.843-1.3 27.614-3.573-48.081-9.747-84.143-51.98-84.143-102.985v-1.299c13.969 7.797 30.214 12.67 47.431 13.319-28.264-18.843-46.781-51.005-46.781-87.391 0-19.492 5.197-37.36 14.294-52.954 51.655 63.675 129.3 105.258 216.365 109.807-1.624-7.797-2.599-15.918-2.599-24.04 0-57.828 46.782-104.934 104.934-104.934 30.213 0 57.502 12.67 76.67 33.137 23.715-4.548 46.456-13.32 66.599-25.34-7.798 24.366-24.366 44.833-46.132 57.827 21.117-2.273 41.584-8.122 60.426-16.243-14.292 20.791-32.161 39.308-52.628 54.253z\"><\/path><\/svg>Tweet<\/a><\/footer><\/blockquote><\/div>\n\n\n\n<p><\/p>\n","protected":false},"excerpt":{"rendered":"<p>Laura Pi\u00f1uela Mart\u00ednez<\/p>\n","protected":false},"author":1,"featured_media":0,"parent":0,"menu_order":0,"comment_status":"closed","ping_status":"closed","template":"page-templates\/no-title.php","meta":{"_uag_custom_page_level_css":"","inspiro_hide_title":false,"footnotes":""},"class_list":["post-117","page","type-page","status-publish","hentry"],"uagb_featured_image_src":{"full":false,"thumbnail":false,"medium":false,"medium_large":false,"large":false,"1536x1536":false,"2048x2048":false,"inspiro-featured-image":false,"inspiro-loop":false,"inspiro-loop@2x":false},"uagb_author_info":{"display_name":"admin","author_link":"https:\/\/www.eoniapsicologia.com\/author\/admin\/"},"uagb_comment_info":0,"uagb_excerpt":"Laura Pi\u00f1uela Mart\u00ednez","_links":{"self":[{"href":"https:\/\/www.eoniapsicologia.com\/index.php\/wp-json\/wp\/v2\/pages\/117","targetHints":{"allow":["GET"]}}],"collection":[{"href":"https:\/\/www.eoniapsicologia.com\/index.php\/wp-json\/wp\/v2\/pages"}],"about":[{"href":"https:\/\/www.eoniapsicologia.com\/index.php\/wp-json\/wp\/v2\/types\/page"}],"author":[{"embeddable":true,"href":"https:\/\/www.eoniapsicologia.com\/index.php\/wp-json\/wp\/v2\/users\/1"}],"replies":[{"embeddable":true,"href":"https:\/\/www.eoniapsicologia.com\/index.php\/wp-json\/wp\/v2\/comments?post=117"}],"version-history":[{"count":22,"href":"https:\/\/www.eoniapsicologia.com\/index.php\/wp-json\/wp\/v2\/pages\/117\/revisions"}],"predecessor-version":[{"id":757,"href":"https:\/\/www.eoniapsicologia.com\/index.php\/wp-json\/wp\/v2\/pages\/117\/revisions\/757"}],"wp:attachment":[{"href":"https:\/\/www.eoniapsicologia.com\/index.php\/wp-json\/wp\/v2\/media?parent=117"}],"curies":[{"name":"wp","href":"https:\/\/api.w.org\/{rel}","templated":true}]}}