{"id":138,"date":"2024-09-12T12:00:02","date_gmt":"2024-09-12T10:00:02","guid":{"rendered":"https:\/\/www.eoniapsicologia.com\/?page_id=138"},"modified":"2026-01-05T09:27:00","modified_gmt":"2026-01-05T08:27:00","slug":"servicios","status":"publish","type":"page","link":"https:\/\/www.eoniapsicologia.com\/index.php\/servicios\/","title":{"rendered":"Servicios"},"content":{"rendered":"\n<h2 class=\"wp-block-heading has-text-align-center has-tertiary-color has-text-color has-link-color wp-elements-9fbdf74b81cbd6dbb890ebe6338c8732\">Conoce nuestros servicios<\/h2>\n\n\n\n<h2 class=\"wp-block-heading has-text-align-center has-text-color has-link-color wp-elements-a9b6b7c896c28498c6dcff7d6ad8099e\" style=\"color:#14d3e5\">\u00bfC\u00f3mo trabajamos?<\/h2>\n\n\n\n<div class=\"wp-block-uagb-container uagb-block-8812344b alignfull uagb-is-root-container\"><div class=\"uagb-container-inner-blocks-wrap\">\n<div class=\"wp-block-uagb-container uagb-block-b776bfc2\">\n<figure class=\"wp-block-image size-full\"><img loading=\"lazy\" decoding=\"async\" width=\"1280\" height=\"853\" src=\"https:\/\/www.eoniapsicologia.com\/wp-content\/uploads\/2024\/09\/Imagen_sillas.jpg\" alt=\"\" class=\"wp-image-97\"\/><\/figure>\n<\/div>\n\n\n\n<div class=\"wp-block-uagb-container uagb-block-3c84bbcc\">\n<div class=\"wp-block-uagb-container uagb-block-f35f2ceb\">\n<p>En Eonia somos conscientes de que las necesidades y el ritmo de cada persona es diferente. Por eso evaluamos cada caso minuciosamente y ofrecemos una terapia individualizada en la que los objetivos de tratamiento propuestos son espec\u00edficos para cada paciente.<\/p>\n<\/div>\n\n\n\n<p>Nuestra filosof\u00eda es que la terapia evoluciona seg\u00fan evoluciona el paciente. Creemos que es importante respetar los tiempos que cada persona necesita para alcanzar sus objetivos de tratamiento y, para ello, revisamos peri\u00f3dicamente avances y objetivos ofreciendo as\u00ed el mejor servicio posible.<\/p>\n<\/div>\n<\/div><\/div>\n\n\n\n<p><\/p>\n\n\n\n<h2 class=\"wp-block-heading has-text-align-center has-text-color has-link-color wp-elements-57cfe10bd783bb1bd3bcc899eacee252\" style=\"color:#14d3e5\">\u00bfQu\u00e9 servicios ofrecemos?<\/h2>\n\n\n\n<div class=\"wp-block-uagb-container uagb-block-a9e9ee19 alignfull uagb-is-root-container\"><div class=\"uagb-container-inner-blocks-wrap\">\n<div class=\"wp-block-uagb-container uagb-block-ba7514db\">\n<div class=\"wp-block-uagb-container uagb-block-e0164221\">\n<figure class=\"wp-block-image size-full is-resized\"><a href=\"https:\/\/www.eoniapsicologia.com\/index.php\/terapia-infantil\/\"><img loading=\"lazy\" decoding=\"async\" width=\"5000\" height=\"3461\" src=\"https:\/\/www.eoniapsicologia.com\/wp-content\/uploads\/2024\/09\/Terapia_infantojuvenil_2.jpg\" alt=\"\" class=\"wp-image-146\" style=\"aspect-ratio:1.599056603773585;object-fit:cover;width:312px;height:auto\"\/><\/a><\/figure>\n\n\n\n<div class=\"wp-block-group has-global-padding is-layout-constrained wp-block-group-is-layout-constrained\">\n<div class=\"wp-block-buttons is-content-justification-center is-layout-flex wp-container-core-buttons-is-layout-a89b3969 wp-block-buttons-is-layout-flex\">\n<div class=\"wp-block-button\"><a class=\"wp-block-button__link has-secondary-background-color has-background wp-element-button\" href=\"https:\/\/www.eoniapsicologia.com\/index.php\/terapia-infantil\/\" style=\"border-top-left-radius:6px;border-top-right-radius:6px;border-bottom-left-radius:6px;border-bottom-right-radius:6px\">Terapia infantil<\/a><\/div>\n<\/div>\n<\/div>\n<\/div>\n<\/div>\n\n\n\n<div class=\"wp-block-uagb-container uagb-block-bba1ba1a\">\n<div class=\"wp-block-uagb-container uagb-block-4203bbc7\">\n<figure class=\"wp-block-image size-full is-resized\"><a href=\"https:\/\/www.eoniapsicologia.com\/index.php\/terapia-juvenil\/\"><img loading=\"lazy\" decoding=\"async\" width=\"5472\" height=\"3648\" src=\"https:\/\/www.eoniapsicologia.com\/wp-content\/uploads\/2024\/09\/Terapia_adolescentes.jpg\" alt=\"\" class=\"wp-image-147\" style=\"aspect-ratio:1.599056603773585;object-fit:cover;width:311px;height:auto\"\/><\/a><\/figure>\n\n\n\n<div class=\"wp-block-group has-global-padding is-layout-constrained wp-block-group-is-layout-constrained\">\n<div class=\"wp-block-buttons is-content-justification-center is-layout-flex wp-container-core-buttons-is-layout-a89b3969 wp-block-buttons-is-layout-flex\">\n<div class=\"wp-block-button\"><a class=\"wp-block-button__link has-secondary-background-color has-background wp-element-button\" href=\"https:\/\/www.eoniapsicologia.com\/index.php\/terapia-adolescentes\/\" style=\"border-top-left-radius:6px;border-top-right-radius:6px;border-bottom-left-radius:6px;border-bottom-right-radius:6px\">Terapia juvenil<\/a><\/div>\n<\/div>\n<\/div>\n<\/div>\n<\/div>\n\n\n\n<div class=\"wp-block-uagb-container uagb-block-4a3002d2\">\n<div class=\"wp-block-uagb-container uagb-block-5f956ee7\">\n<figure class=\"wp-block-image size-full is-resized\"><a href=\"https:\/\/www.eoniapsicologia.com\/index.php\/terapia-familiar\/\"><img loading=\"lazy\" decoding=\"async\" width=\"6016\" height=\"4016\" src=\"https:\/\/www.eoniapsicologia.com\/wp-content\/uploads\/2024\/09\/Terapia_familiar_2.jpg\" alt=\"\" class=\"wp-image-153\" style=\"aspect-ratio:1.599056603773585;object-fit:cover;width:312px;height:auto\"\/><\/a><\/figure>\n\n\n\n<div class=\"wp-block-group has-global-padding is-layout-constrained wp-block-group-is-layout-constrained\">\n<div class=\"wp-block-buttons is-content-justification-center is-layout-flex wp-container-core-buttons-is-layout-a89b3969 wp-block-buttons-is-layout-flex\">\n<div class=\"wp-block-button\"><a class=\"wp-block-button__link has-secondary-background-color has-background wp-element-button\" href=\"https:\/\/www.eoniapsicologia.com\/index.php\/terapia-familiar\/\" style=\"border-top-left-radius:6px;border-top-right-radius:6px;border-bottom-left-radius:6px;border-bottom-right-radius:6px\">Terapia familiar<\/a><\/div>\n<\/div>\n<\/div>\n<\/div>\n<\/div>\n\n\n\n<div class=\"wp-block-uagb-container uagb-block-c6b8806e\">\n<div class=\"wp-block-uagb-container uagb-block-1eec6f9a\">\n<figure class=\"wp-block-image size-full is-resized\"><a href=\"https:\/\/www.eoniapsicologia.com\/index.php\/terapia-online\/\"><img loading=\"lazy\" decoding=\"async\" width=\"4884\" height=\"2422\" src=\"https:\/\/www.eoniapsicologia.com\/wp-content\/uploads\/2024\/09\/Terapia_online.jpg\" alt=\"\" class=\"wp-image-150\" style=\"aspect-ratio:1.599056603773585;object-fit:cover;width:313px;height:auto\"\/><\/a><\/figure>\n\n\n\n<div class=\"wp-block-group has-global-padding is-layout-constrained wp-block-group-is-layout-constrained\">\n<div class=\"wp-block-buttons is-content-justification-center is-layout-flex wp-container-core-buttons-is-layout-a89b3969 wp-block-buttons-is-layout-flex\">\n<div class=\"wp-block-button\"><a class=\"wp-block-button__link has-secondary-background-color has-background wp-element-button\" href=\"https:\/\/www.eoniapsicologia.com\/index.php\/terapia-online\/\" style=\"border-top-left-radius:6px;border-top-right-radius:6px;border-bottom-left-radius:6px;border-bottom-right-radius:6px\">Terapia online<\/a><\/div>\n<\/div>\n<\/div>\n<\/div>\n<\/div>\n\n\n\n<div class=\"wp-block-uagb-container uagb-block-735b8125\">\n<div class=\"wp-block-uagb-container uagb-block-25b6aaeb\">\n<figure class=\"wp-block-image size-full is-resized\"><img loading=\"lazy\" decoding=\"async\" width=\"2560\" height=\"1709\" src=\"https:\/\/www.eoniapsicologia.com\/wp-content\/uploads\/2025\/01\/grupo_ninos_1-scaled.jpg\" alt=\"\" class=\"wp-image-686\" style=\"aspect-ratio:1.599056603773585;object-fit:cover;width:314px;height:auto\" srcset=\"https:\/\/www.eoniapsicologia.com\/wp-content\/uploads\/2025\/01\/grupo_ninos_1-scaled.jpg 2560w, https:\/\/www.eoniapsicologia.com\/wp-content\/uploads\/2025\/01\/grupo_ninos_1-300x200.jpg 300w, https:\/\/www.eoniapsicologia.com\/wp-content\/uploads\/2025\/01\/grupo_ninos_1-1024x684.jpg 1024w, https:\/\/www.eoniapsicologia.com\/wp-content\/uploads\/2025\/01\/grupo_ninos_1-2000x1335.jpg 2000w\" sizes=\"auto, (max-width: 2560px) 100vw, 2560px\" \/><\/figure>\n\n\n\n<div class=\"wp-block-group has-global-padding is-layout-constrained wp-block-group-is-layout-constrained\">\n<div class=\"wp-block-buttons is-content-justification-center is-layout-flex wp-container-core-buttons-is-layout-a89b3969 wp-block-buttons-is-layout-flex\">\n<div class=\"wp-block-button\"><a class=\"wp-block-button__link has-secondary-background-color has-background wp-element-button\" href=\"https:\/\/www.eoniapsicologia.com\/index.php\/terapia-grupal\/\" style=\"border-top-left-radius:6px;border-top-right-radius:6px;border-bottom-left-radius:6px;border-bottom-right-radius:6px\">Terapia grupal<\/a><\/div>\n<\/div>\n<\/div>\n<\/div>\n<\/div>\n\n\n\n<div class=\"wp-block-uagb-container uagb-block-79a440ca\">\n<div class=\"wp-block-uagb-container uagb-block-2932be12\">\n<figure class=\"wp-block-image size-full is-resized\"><a href=\"https:\/\/www.eoniapsicologia.com\/index.php\/informe-psicologico\/\"><img loading=\"lazy\" decoding=\"async\" width=\"3648\" height=\"5472\" src=\"https:\/\/www.eoniapsicologia.com\/wp-content\/uploads\/2024\/09\/Evaluacion_foto.jpg\" alt=\"\" class=\"wp-image-234\" style=\"aspect-ratio:1.599056603773585;object-fit:cover;width:312px;height:auto\"\/><\/a><\/figure>\n\n\n\n<div class=\"wp-block-group has-global-padding is-layout-constrained wp-block-group-is-layout-constrained\">\n<div class=\"wp-block-buttons is-content-justification-center is-layout-flex wp-container-core-buttons-is-layout-a89b3969 wp-block-buttons-is-layout-flex\">\n<div class=\"wp-block-button\"><a class=\"wp-block-button__link has-secondary-background-color has-background wp-element-button\" href=\"https:\/\/www.eoniapsicologia.com\/index.php\/informe-psicologico\/\" style=\"border-top-left-radius:6px;border-top-right-radius:6px;border-bottom-left-radius:6px;border-bottom-right-radius:6px\">Evaluaci\u00f3n psicopedag\u00f3gica<\/a><\/div>\n<\/div>\n<\/div>\n<\/div>\n<\/div>\n<\/div><\/div>\n\n\n\n<p><\/p>\n","protected":false},"excerpt":{"rendered":"<p>Conoce nuestros servicios \u00bfC\u00f3mo trabajamos? En Eonia somos conscientes de que las necesidades y el ritmo de cada persona es diferente. Por eso evaluamos cada caso minuciosamente y ofrecemos una terapia individualizada en la que los objetivos de tratamiento propuestos son espec\u00edficos para cada paciente. Nuestra filosof\u00eda es que la terapia evoluciona seg\u00fan evoluciona el &hellip; <\/p>\n<p class=\"link-more\"><a href=\"https:\/\/www.eoniapsicologia.com\/index.php\/servicios\/\" class=\"more-link\">Leer m\u00e1s<span class=\"screen-reader-text\"> \u00abServicios\u00bb<\/span><\/a><\/p>\n","protected":false},"author":1,"featured_media":0,"parent":0,"menu_order":0,"comment_status":"closed","ping_status":"closed","template":"page-templates\/no-title.php","meta":{"_uag_custom_page_level_css":"","inspiro_hide_title":false,"footnotes":""},"class_list":["post-138","page","type-page","status-publish","hentry"],"uagb_featured_image_src":{"full":false,"thumbnail":false,"medium":false,"medium_large":false,"large":false,"1536x1536":false,"2048x2048":false,"inspiro-featured-image":false,"inspiro-loop":false,"inspiro-loop@2x":false},"uagb_author_info":{"display_name":"admin","author_link":"https:\/\/www.eoniapsicologia.com\/author\/admin\/"},"uagb_comment_info":0,"uagb_excerpt":"Conoce nuestros servicios \u00bfC\u00f3mo trabajamos? En Eonia somos conscientes de que las necesidades y el ritmo de cada persona es diferente. Por eso evaluamos cada caso minuciosamente y ofrecemos una terapia individualizada en la que los objetivos de tratamiento propuestos son espec\u00edficos para cada paciente. Nuestra filosof\u00eda es que la terapia evoluciona seg\u00fan evoluciona el&hellip;","_links":{"self":[{"href":"https:\/\/www.eoniapsicologia.com\/index.php\/wp-json\/wp\/v2\/pages\/138","targetHints":{"allow":["GET"]}}],"collection":[{"href":"https:\/\/www.eoniapsicologia.com\/index.php\/wp-json\/wp\/v2\/pages"}],"about":[{"href":"https:\/\/www.eoniapsicologia.com\/index.php\/wp-json\/wp\/v2\/types\/page"}],"author":[{"embeddable":true,"href":"https:\/\/www.eoniapsicologia.com\/index.php\/wp-json\/wp\/v2\/users\/1"}],"replies":[{"embeddable":true,"href":"https:\/\/www.eoniapsicologia.com\/index.php\/wp-json\/wp\/v2\/comments?post=138"}],"version-history":[{"count":32,"href":"https:\/\/www.eoniapsicologia.com\/index.php\/wp-json\/wp\/v2\/pages\/138\/revisions"}],"predecessor-version":[{"id":882,"href":"https:\/\/www.eoniapsicologia.com\/index.php\/wp-json\/wp\/v2\/pages\/138\/revisions\/882"}],"wp:attachment":[{"href":"https:\/\/www.eoniapsicologia.com\/index.php\/wp-json\/wp\/v2\/media?parent=138"}],"curies":[{"name":"wp","href":"https:\/\/api.w.org\/{rel}","templated":true}]}}