{"id":220,"date":"2024-09-16T20:10:49","date_gmt":"2024-09-16T18:10:49","guid":{"rendered":"https:\/\/www.eoniapsicologia.com\/?page_id=220"},"modified":"2024-09-25T23:38:42","modified_gmt":"2024-09-25T21:38:42","slug":"el-centro","status":"publish","type":"page","link":"https:\/\/www.eoniapsicologia.com\/index.php\/el-centro\/","title":{"rendered":"El centro"},"content":{"rendered":"\n<h2 class=\"wp-block-heading has-text-align-center has-tertiary-color has-text-color has-link-color wp-elements-8edf9a1c62b34487375eae5c95762182\">Bienvenido a Eonia<\/h2>\n\n\n\n<p class=\"has-tertiary-color has-text-color has-link-color wp-elements-43070b95951f264225f9432ddd244a78\">Fundado en 2024, somos un centro de psicolog\u00eda infantojuvenil situado en la calle Puerto de Cotos 7, en Madrid. <\/p>\n\n\n\n<p class=\"has-tertiary-color has-text-color has-link-color wp-elements-5c8bd6d11bdd88750f48f000cfe7fca4\">Contamos con un equipo de profesionales con experiencia en distintas \u00e1reas de intervenci\u00f3n que trabajan con un \u00fanico objetivo: mejorar el bienestar psicol\u00f3gico y emocional de nuestros pacientes y sus allegados a trav\u00e9s de la terapia.<\/p>\n\n\n\n<p class=\"has-tertiary-color has-text-color has-link-color wp-elements-33e37b782feb13ad934aaf522c7267ba\"><\/p>\n\n\n\n<div class=\"wp-block-uagb-container uagb-block-995782bd alignfull uagb-is-root-container\"><div class=\"uagb-container-inner-blocks-wrap\">\n<div class=\"wp-block-uagb-container uagb-block-28a47405\">\n<div class=\"wp-block-uagb-container uagb-block-c6586f5a\">\n<h3 class=\"wp-block-heading has-text-align-center has-text-color has-link-color wp-elements-754fe1336b44b14f33f1f28d87a54285\" style=\"color:#14d3e5\">Nuestra visi\u00f3n<\/h3>\n\n\n\n<p class=\"has-text-align-center has-tertiary-color has-text-color has-link-color wp-elements-5acf227f094a70cb80a702798e3d18ea\">Creemos y fomentamos una terapia evolutiva que se adapte a las necesidades y ritmos de cada persona, evaluando peri\u00f3dicamente los resultados para hacer adaptaciones en caso necesario. <br><br><br><strong>Igual que una metamorfosis, todo lleva su tiempo y no es el mismo para todos<\/strong>.<\/p>\n<\/div>\n<\/div>\n\n\n\n<div class=\"wp-block-uagb-container uagb-block-1f5398e3\">\n<div class=\"wp-block-uagb-container uagb-block-3f4c8013\">\n<h3 class=\"wp-block-heading has-text-align-center has-text-color has-link-color wp-elements-8aced0a6ab4accd971e45320fc28bafd\" style=\"color:#14d3e5\">Nuestra misi\u00f3n<\/h3>\n\n\n\n<p class=\"has-text-align-center has-tertiary-color has-text-color has-link-color wp-elements-15de9d253a9669be4d3ec9903f39a9ea\">Somos conscientes de la corriente en la que vivimos donde se da m\u00e1s importancia al mostrar al mundo el \u00abyo\u00bb que nos gustar\u00eda ser. En Eonia rechazamos este modelo de \u00abperfecci\u00f3n irreal y forzada\u00bb que condiciona el desarrollo personal y compromete el bienestar.<br> <br><strong>No se trata de mostrar lo bien que est\u00e1s sino de sentir que est\u00e1s bien.<\/strong><\/p>\n<\/div>\n<\/div>\n<\/div><\/div>\n\n\n\n<p><\/p>\n","protected":false},"excerpt":{"rendered":"<p>Bienvenido a Eonia Fundado en 2024, somos un centro de psicolog\u00eda infantojuvenil situado en la calle Puerto de Cotos 7, en Madrid. Contamos con un equipo de profesionales con experiencia en distintas \u00e1reas de intervenci\u00f3n que trabajan con un \u00fanico objetivo: mejorar el bienestar psicol\u00f3gico y emocional de nuestros pacientes y sus allegados a trav\u00e9s &hellip; <\/p>\n<p class=\"link-more\"><a href=\"https:\/\/www.eoniapsicologia.com\/index.php\/el-centro\/\" class=\"more-link\">Leer m\u00e1s<span class=\"screen-reader-text\"> \u00abEl centro\u00bb<\/span><\/a><\/p>\n","protected":false},"author":1,"featured_media":0,"parent":0,"menu_order":0,"comment_status":"closed","ping_status":"closed","template":"page-templates\/no-title.php","meta":{"_uag_custom_page_level_css":"","inspiro_hide_title":false,"footnotes":""},"class_list":["post-220","page","type-page","status-publish","hentry"],"uagb_featured_image_src":{"full":false,"thumbnail":false,"medium":false,"medium_large":false,"large":false,"1536x1536":false,"2048x2048":false,"inspiro-featured-image":false,"inspiro-loop":false,"inspiro-loop@2x":false},"uagb_author_info":{"display_name":"admin","author_link":"https:\/\/www.eoniapsicologia.com\/author\/admin\/"},"uagb_comment_info":0,"uagb_excerpt":"Bienvenido a Eonia Fundado en 2024, somos un centro de psicolog\u00eda infantojuvenil situado en la calle Puerto de Cotos 7, en Madrid. Contamos con un equipo de profesionales con experiencia en distintas \u00e1reas de intervenci\u00f3n que trabajan con un \u00fanico objetivo: mejorar el bienestar psicol\u00f3gico y emocional de nuestros pacientes y sus allegados a trav\u00e9s&hellip;","_links":{"self":[{"href":"https:\/\/www.eoniapsicologia.com\/index.php\/wp-json\/wp\/v2\/pages\/220","targetHints":{"allow":["GET"]}}],"collection":[{"href":"https:\/\/www.eoniapsicologia.com\/index.php\/wp-json\/wp\/v2\/pages"}],"about":[{"href":"https:\/\/www.eoniapsicologia.com\/index.php\/wp-json\/wp\/v2\/types\/page"}],"author":[{"embeddable":true,"href":"https:\/\/www.eoniapsicologia.com\/index.php\/wp-json\/wp\/v2\/users\/1"}],"replies":[{"embeddable":true,"href":"https:\/\/www.eoniapsicologia.com\/index.php\/wp-json\/wp\/v2\/comments?post=220"}],"version-history":[{"count":29,"href":"https:\/\/www.eoniapsicologia.com\/index.php\/wp-json\/wp\/v2\/pages\/220\/revisions"}],"predecessor-version":[{"id":530,"href":"https:\/\/www.eoniapsicologia.com\/index.php\/wp-json\/wp\/v2\/pages\/220\/revisions\/530"}],"wp:attachment":[{"href":"https:\/\/www.eoniapsicologia.com\/index.php\/wp-json\/wp\/v2\/media?parent=220"}],"curies":[{"name":"wp","href":"https:\/\/api.w.org\/{rel}","templated":true}]}}