{"id":30,"date":"2024-09-10T16:59:40","date_gmt":"2024-09-10T14:59:40","guid":{"rendered":"https:\/\/www.eoniapsicologia.com\/?page_id=30"},"modified":"2024-10-26T23:27:18","modified_gmt":"2024-10-26T21:27:18","slug":"terapia-infantil","status":"publish","type":"page","link":"https:\/\/www.eoniapsicologia.com\/index.php\/terapia-infantil\/","title":{"rendered":"Terapia infantil"},"content":{"rendered":"\n<h2 class=\"wp-block-heading has-text-align-center has-tertiary-color has-text-color has-link-color wp-elements-afc65b828fb463274e7f03afb9deb5a3\">Terapia infantil<\/h2>\n\n\n\n<h3 class=\"wp-block-heading has-text-align-center has-text-color has-link-color wp-elements-877bfd058f61fbf1463a193152ea0cff\" style=\"color:#14d3e5\">\u00bfIdentificas alguna de estas situaciones en la conducta de tu hijo?<\/h3>\n\n\n\n<p><\/p>\n\n\n\n<div class=\"wp-block-uagb-container uagb-block-39600280 alignfull uagb-is-root-container\"><div class=\"uagb-container-inner-blocks-wrap\">\n<div class=\"wp-block-uagb-container uagb-block-bf460ce7\">\n<details class=\"wp-block-details has-tertiary-color has-text-color has-link-color wp-elements-adbab97d575ec1492ac2bf9691079799 is-layout-flow wp-block-details-is-layout-flow\"><summary>Problemas acad\u00e9micos<\/summary>\n<p class=\"has-tertiary-color has-text-color has-link-color wp-elements-59e5defe4f24b94d6a3d875e0dfe3f3b\"><em>Tiene dificultad para comprender conceptos, muestra falta de organizaci\u00f3n al exponer conceptos, tiene problemas de comprensi\u00f3n lectora, le cuesta organizar tareas, muestra torpeza y desorden al escribir, tiene dificultad para expresar ideas, tiene dificultad para razonar conceptos o problemas matem\u00e1ticos, etc. <\/em><\/p>\n<\/details>\n\n\n\n<details class=\"wp-block-details has-tertiary-color has-text-color has-link-color wp-elements-bb08e201f23aa047c3b9c85599955684 is-layout-flow wp-block-details-is-layout-flow\"><summary>Acoso escolar<\/summary>\n<p><em>Le cuesta ir a clase por las ma\u00f1anas o se pone nervioso, tiene dificultad para dormir por las noches, muestra apat\u00eda o tristeza al salir del colegio, evita interactuar con alguien en concreto, verbaliza que el colegio no le gusta, etc.<\/em><\/p>\n<\/details>\n\n\n\n<details class=\"wp-block-details has-tertiary-color has-text-color has-link-color wp-elements-f4398cf30b1063b53d8118fc3b562e95 is-layout-flow wp-block-details-is-layout-flow\"><summary>Problemas de alimentaci\u00f3n<\/summary>\n<p><em>Tiene una percepci\u00f3n distorsionada del propio cuerpo, evita alimentos concretos por miedo a ganar peso, abusa de laxantes, tiene v\u00f3mitos frecuentes, sufre episodios de atracones, hace comparaciones constantes sobre el f\u00edsico, muestra demasiado inter\u00e9s por los alimentos, etc.<\/em><\/p>\n<\/details>\n\n\n\n<details class=\"wp-block-details has-tertiary-color has-text-color has-link-color wp-elements-8eea642e1285545b121cb4fdaeec0b23 is-layout-flow wp-block-details-is-layout-flow\"><summary>Dificultad de atenci\u00f3n<\/summary>\n<p><em>Tiene problemas para cambiar de una tarea a otra, muestra dificultad al centrar la atenci\u00f3n en algo concreto, le cuesta ejecutar varias instrucciones seguidas, tiene distracciones recurrentes, tiene facilidad para extraviar cosas o dejar tareas incompletas, etc.<\/em><\/p>\n<\/details>\n\n\n\n<details class=\"wp-block-details has-tertiary-color has-text-color has-link-color wp-elements-ff007dd21d41e0baac278a8cf2f66338 is-layout-flow wp-block-details-is-layout-flow\"><summary>Baja autoestima<\/summary>\n<p><em>Le cuesta estar seguro de s\u00ed mismo, tiende a pedir opini\u00f3n sobre sus cosas a los dem\u00e1s, si algo sale mal le da muchas vueltas, se habla mal a s\u00ed mismo, se autocalifica de \u00abtonto\u00bb cuando algo no le sale, le cuesta tomar decisiones, muestra excesivo af\u00e1n por agradar al resto, etc.<\/em><\/p>\n<\/details>\n\n\n\n<details class=\"wp-block-details has-tertiary-color has-text-color has-link-color wp-elements-69ca50952f88610ceb708864e938ca6a is-layout-flow wp-block-details-is-layout-flow\"><summary>Problemas en el control de esf\u00ednter<\/summary>\n<p><em>Tiene escapes durante el d\u00eda, le cuesta darse cuenta de cu\u00e1ndo necesita ir al ba\u00f1o, por las ma\u00f1anas se levanta con la cama manchada, no quiere dejar de usar el pa\u00f1al, etc.<\/em><\/p>\n<\/details>\n\n\n\n<details class=\"wp-block-details has-tertiary-color has-text-color has-link-color wp-elements-790670b70aca33b4b5eabd047b84ba61 is-layout-flow wp-block-details-is-layout-flow\"><summary>Miedos y fobias frecuentes<\/summary>\n<p><em>Le cuesta dormir solo por miedo a la oscuridad, no quiere separarse de sus padres por miedo a que les pase algo, ha vivido un episodio de peligro y vive atemorizado por que se repita, evita exponerse al est\u00edmulo temido con frecuencia, etc.<\/em><\/p>\n<\/details>\n\n\n\n<details class=\"wp-block-details has-tertiary-color has-text-color has-link-color wp-elements-a3206de3dd1d4d5382b2a65ac37c2524 is-layout-flow wp-block-details-is-layout-flow\"><summary>Gesti\u00f3n de emociones<\/summary>\n<p><em>Tiene dificultades para reconocer las emociones propias o ajenas, le cuesta gestionar y\/o verbalizar sus emociones, tiene reacciones desproporcionadas a la situaci\u00f3n vivida, etc.<\/em><\/p>\n<\/details>\n\n\n\n<details class=\"wp-block-details has-tertiary-color has-text-color has-link-color wp-elements-a0a2fc6a7dcc50f20f7438b03e241094 is-layout-flow wp-block-details-is-layout-flow\"><summary>Dificultad en las relaciones sociales<\/summary>\n<p><em>Muestra dificultad en el trato con otros e inseguridad en las relaciones interpersonales, le cuesta permanecer activo en las actividades, no tiene un grupo de referencia, le cuesta negociar con iguales, tiene dificultades para iniciar, mantener y finalizar los juegos, etc.<\/em><\/p>\n<\/details>\n\n\n\n<details class=\"wp-block-details has-tertiary-color has-text-color has-link-color wp-elements-1e23e58185bfa4957bf8fe4828c08eab is-layout-flow wp-block-details-is-layout-flow\"><summary>Rabietas o mala gesti\u00f3n de la ira<\/summary>\n<p><em>Le cuesta expresar con tranquilidad lo que le molesta, recurre a la agresividad f\u00edsica (como dar empujones o patadas) o verbal (insultar o amenazar) para expresar su enfado, reacciona desproporcionadamente ante hechos ocurridos, tira o rompe cosas, su enfado aumenta en segundos, etc.<\/em><\/p>\n<\/details>\n\n\n\n<details class=\"wp-block-details has-tertiary-color has-text-color has-link-color wp-elements-e999df00d0bdbe779c4b1ff43ccc3124 is-layout-flow wp-block-details-is-layout-flow\"><summary>Ansiedad y agobio<\/summary>\n<p><em>Anticipa negativamente lo que va a suceder, tiene dificultad de dormir cuando algo le preocupa, se bloquea ante ciertas situaciones, se queja de dolor de pecho o le cuesta respirar, necesita tener todo bajo control, los cambios le ponen nervioso, se preocupa con facilidad y entra en bucle cuando algo le preocupa, etc.<\/em><\/p>\n<\/details>\n<\/div>\n\n\n\n<div class=\"wp-block-uagb-container uagb-block-d64365a5\">\n<div class=\"wp-block-uagb-image uagb-block-fa9da9b7 wp-block-uagb-image--layout-default wp-block-uagb-image--effect-static wp-block-uagb-image--align-none\"><figure class=\"wp-block-uagb-image__figure\"><img decoding=\"async\" srcset=\"https:\/\/www.eoniapsicologia.com\/wp-content\/uploads\/2024\/09\/Imagen_cabecera_2.jpg ,https:\/\/www.eoniapsicologia.com\/wp-content\/uploads\/2024\/09\/Imagen_cabecera_2.jpg 780w, https:\/\/www.eoniapsicologia.com\/wp-content\/uploads\/2024\/09\/Imagen_cabecera_2.jpg 360w\" sizes=\"auto, (max-width: 480px) 150px\" src=\"https:\/\/www.eoniapsicologia.com\/wp-content\/uploads\/2024\/09\/Imagen_cabecera_2.jpg\" alt=\"\" class=\"uag-image-18\" width=\"1280\" height=\"952\" title=\"Imagen_cabecera_2\" loading=\"lazy\" role=\"img\"\/><\/figure><\/div>\n<\/div>\n<\/div><\/div>\n\n\n\n<div class=\"wp-block-uagb-separator uagb-block-0c549ed1\"><div class=\"uagb-separator-spacing-wrapper\"><div class=\"wp-block-uagb-separator__inner\" style=\"--my-background-image:\"><\/div><\/div><\/div>\n\n\n\n<h3 class=\"wp-block-heading has-text-align-center has-text-color has-link-color wp-elements-4c3948ec7c9e679c2781fd8088ab718b\" style=\"color:#14d3e5\">No te preocupes, sabemos c\u00f3mo ayudarte<\/h3>\n\n\n\n<p><\/p>\n\n\n\n<p class=\"has-tertiary-color has-text-color has-link-color wp-elements-a3bf01ec8c87065cbd2b0270f6510c81\">Nuestro equipo de profesionales cuenta con una amplia experiencia para evaluar y abordar cualquier tipo de situaci\u00f3n como las descritas arriba, trabajando en consulta con el ni\u00f1o y dotando a los padres de las herramientas necesarias para reforzar lo trabajado en casa.<\/p>\n\n\n\n<div class=\"wp-block-uagb-container uagb-block-5eca2cb2 alignfull uagb-is-root-container\"><div class=\"uagb-container-inner-blocks-wrap\">\n<div class=\"wp-block-uagb-container uagb-block-f17b76d8\">\n<div class=\"wp-block-uagb-info-box uagb-block-9f0e2b93 uagb-infobox__content-wrap  uagb-infobox-icon-above-title uagb-infobox-image-valign-top\"><div class=\"uagb-ifb-content\"><div class=\"uagb-ifb-title-wrap\"><h3 class=\"uagb-ifb-title\">Primera entrevista y evaluaci\u00f3n<\/h3><\/div><p class=\"uagb-ifb-desc\"><br>Antes de iniciar la terapia es necesario conocer las causas del malestar del menor para as\u00ed poder establecer los objetivos de terapia y dise\u00f1ar un plan de tratamiento acorde a ellos.<br><br><br><\/p><\/div><\/div>\n<\/div>\n\n\n\n<div class=\"wp-block-uagb-container uagb-block-95c9c881\">\n<div class=\"wp-block-uagb-info-box uagb-block-9e12a0c3 uagb-infobox__content-wrap  uagb-infobox-icon-above-title uagb-infobox-image-valign-top\"><div class=\"uagb-ifb-content\"><div class=\"uagb-ifb-title-wrap\"><h3 class=\"uagb-ifb-title\">Intervenci\u00f3n en terapia<\/h3><\/div><p class=\"uagb-ifb-desc\"><br>Durante la terapia se aplicar\u00e1n t\u00e9cnicas adaptadas al paciente para trabajar en los objetivos propuestos. Se realizar\u00e1 en sesiones de 50 minutos en donde se trabajar\u00e1 de una forma lo m\u00e1s l\u00fadica y distendida posible para el menor, a trav\u00e9s de juegos, cuentos cortos y otros materiales.<br><br><\/p><\/div><\/div>\n<\/div>\n\n\n\n<div class=\"wp-block-uagb-container uagb-block-aca34b35\">\n<div class=\"wp-block-uagb-info-box uagb-block-15b4041b uagb-infobox__content-wrap  uagb-infobox-icon-above-title uagb-infobox-image-valign-top\"><div class=\"uagb-ifb-content\"><div class=\"uagb-ifb-title-wrap\"><h3 class=\"uagb-ifb-title\">Comunicaci\u00f3n con padres<\/h3><\/div><p class=\"uagb-ifb-desc\"><br>Nuestros terapeutas est\u00e1n en continua comunicaci\u00f3n con ellos a fin de que entiendan qu\u00e9 factores mantienen la problem\u00e1tica y cu\u00e1les son las herramientas necesarias para seguir trabajando fuera de terapia. Tras cada sesi\u00f3n el terapeuta har\u00e1 una devoluci\u00f3n a los padres explicando lo trabajado ese d\u00eda y c\u00f3mo aplicarlo en casa.<\/p><\/div><\/div>\n<\/div>\n<\/div><\/div>\n\n\n\n<p><\/p>\n","protected":false},"excerpt":{"rendered":"<p>Terapia infantil \u00bfIdentificas alguna de estas situaciones en la conducta de tu hijo? No te preocupes, sabemos c\u00f3mo ayudarte Nuestro equipo de profesionales cuenta con una amplia experiencia para evaluar y abordar cualquier tipo de situaci\u00f3n como las descritas arriba, trabajando en consulta con el ni\u00f1o y dotando a los padres de las herramientas necesarias &hellip; <\/p>\n<p class=\"link-more\"><a href=\"https:\/\/www.eoniapsicologia.com\/index.php\/terapia-infantil\/\" class=\"more-link\">Leer m\u00e1s<span class=\"screen-reader-text\"> \u00abTerapia infantil\u00bb<\/span><\/a><\/p>\n","protected":false},"author":1,"featured_media":0,"parent":0,"menu_order":0,"comment_status":"closed","ping_status":"closed","template":"page-templates\/no-title.php","meta":{"_uag_custom_page_level_css":"","inspiro_hide_title":false,"footnotes":""},"class_list":["post-30","page","type-page","status-publish","hentry"],"uagb_featured_image_src":{"full":false,"thumbnail":false,"medium":false,"medium_large":false,"large":false,"1536x1536":false,"2048x2048":false,"inspiro-featured-image":false,"inspiro-loop":false,"inspiro-loop@2x":false},"uagb_author_info":{"display_name":"admin","author_link":"https:\/\/www.eoniapsicologia.com\/author\/admin\/"},"uagb_comment_info":0,"uagb_excerpt":"Terapia infantil \u00bfIdentificas alguna de estas situaciones en la conducta de tu hijo? No te preocupes, sabemos c\u00f3mo ayudarte Nuestro equipo de profesionales cuenta con una amplia experiencia para evaluar y abordar cualquier tipo de situaci\u00f3n como las descritas arriba, trabajando en consulta con el ni\u00f1o y dotando a los padres de las herramientas necesarias&hellip;","_links":{"self":[{"href":"https:\/\/www.eoniapsicologia.com\/index.php\/wp-json\/wp\/v2\/pages\/30","targetHints":{"allow":["GET"]}}],"collection":[{"href":"https:\/\/www.eoniapsicologia.com\/index.php\/wp-json\/wp\/v2\/pages"}],"about":[{"href":"https:\/\/www.eoniapsicologia.com\/index.php\/wp-json\/wp\/v2\/types\/page"}],"author":[{"embeddable":true,"href":"https:\/\/www.eoniapsicologia.com\/index.php\/wp-json\/wp\/v2\/users\/1"}],"replies":[{"embeddable":true,"href":"https:\/\/www.eoniapsicologia.com\/index.php\/wp-json\/wp\/v2\/comments?post=30"}],"version-history":[{"count":61,"href":"https:\/\/www.eoniapsicologia.com\/index.php\/wp-json\/wp\/v2\/pages\/30\/revisions"}],"predecessor-version":[{"id":627,"href":"https:\/\/www.eoniapsicologia.com\/index.php\/wp-json\/wp\/v2\/pages\/30\/revisions\/627"}],"wp:attachment":[{"href":"https:\/\/www.eoniapsicologia.com\/index.php\/wp-json\/wp\/v2\/media?parent=30"}],"curies":[{"name":"wp","href":"https:\/\/api.w.org\/{rel}","templated":true}]}}