{"id":31,"date":"2024-09-10T16:59:40","date_gmt":"2024-09-10T14:59:40","guid":{"rendered":"https:\/\/www.eoniapsicologia.com\/?page_id=31"},"modified":"2025-04-03T23:27:51","modified_gmt":"2025-04-03T21:27:51","slug":"terapia-adolescentes","status":"publish","type":"page","link":"https:\/\/www.eoniapsicologia.com\/index.php\/terapia-adolescentes\/","title":{"rendered":"Terapia adolescentes"},"content":{"rendered":"\n<h2 class=\"wp-block-heading has-text-align-center has-tertiary-color has-text-color has-link-color wp-elements-1ebd8af7c57411f2d854e84162247b3c\">Terapia para adolescentes<\/h2>\n\n\n\n<h3 class=\"wp-block-heading has-text-align-center has-text-color has-link-color wp-elements-cee397ad08fb06e2bb73adaeaad81376\" style=\"color:#14d3e5\">\u00bfCu\u00e1les son los problemas m\u00e1s frecuentes a los que se enfrenta un adolescente?<\/h3>\n\n\n\n<p><\/p>\n\n\n\n<div class=\"wp-block-uagb-container uagb-block-39600280 alignfull uagb-is-root-container\"><div class=\"uagb-container-inner-blocks-wrap\">\n<div class=\"wp-block-uagb-container uagb-block-bf460ce7\">\n<details class=\"wp-block-details has-tertiary-color has-text-color has-link-color wp-elements-a6b4b88bae84a628a55f7c623cb1fd18 is-layout-flow wp-block-details-is-layout-flow\"><summary>Acoso escolar<\/summary>\n<p class=\"has-tertiary-color has-text-color has-link-color wp-elements-2b992d97694c63420b4c65213f8ffd52\"><em>Le cuesta ir a clase por las ma\u00f1anas o se pone nervioso, tiene dificultad para dormir por las noches, muestra apat\u00eda o tristeza al llegar a casa, evita interactuar con alguien en concreto, verbaliza que el instituto no le gusta, etc.<\/em><\/p>\n<\/details>\n\n\n\n<details class=\"wp-block-details has-tertiary-color has-text-color has-link-color wp-elements-da90477f9d3c44fe0a6b04128e23a031 is-layout-flow wp-block-details-is-layout-flow\"><summary>Problemas de estudio<\/summary>\n<p><em>Le cuesta conciliar los estudios con el tiempo libre, el tema acad\u00e9mico le somete a m\u00e1s presi\u00f3n de la que puede gestionar, tiene dificultad para comprender conceptos o textos, le cuesta organizar tareas, muestra torpeza y desorden al escribir, tiene dificultad para razonar conceptos o problemas matem\u00e1ticos, etc.<\/em><\/p>\n<\/details>\n\n\n\n<details class=\"wp-block-details has-tertiary-color has-text-color has-link-color wp-elements-30b496c8ecf4fb4318b0a76c57482bd4 is-layout-flow wp-block-details-is-layout-flow\"><summary>Trastornos de alimentaci\u00f3n<\/summary>\n<p><em>Tiene una percepci\u00f3n distorsionada del propio cuerpo, evita alimentos concretos por miedo a ganar peso, abusa de laxantes, tiene v\u00f3mitos frecuentes, sufre episodios de atracones, hace comparaciones constantes sobre el f\u00edsico, muestra demasiado inter\u00e9s por los alimentos, etc.<\/em><\/p>\n<\/details>\n\n\n\n<details class=\"wp-block-details has-tertiary-color has-text-color has-link-color wp-elements-a753453ae5dd036c7724aa322a40479a is-layout-flow wp-block-details-is-layout-flow\"><summary>Depresi\u00f3n<\/summary>\n<p><em>Se encuentra triste la mayor parte del tiempo, est\u00e1 pasando una ruptura amorosa o la p\u00e9rdida de un ser querido, le cuesta ver el sentido a la vida, tiene dificultades para conciliar y mantener el sue\u00f1o, est\u00e1 descuidando su aspecto f\u00edsico, tiene pensamientos derrotistas, etc. <\/em><\/p>\n<\/details>\n\n\n\n<details class=\"wp-block-details has-tertiary-color has-text-color has-link-color wp-elements-a15126cb0b424cfeaedb540ff4f77c86 is-layout-flow wp-block-details-is-layout-flow\"><summary>Mala gesti\u00f3n de la ira<\/summary>\n<p><em>Le cuesta expresar con tranquilidad lo que le molesta, recurre a la agresividad f\u00edsica (como dar empujones o patadas) o verbal (insultar o amenazar) para expresar su enfado, reacciona desproporcionadamente ante hechos ocurridos, tira o rompe cosas, su enfado aumenta en segundos, etc.<\/em><\/p>\n<\/details>\n\n\n\n<details class=\"wp-block-details has-tertiary-color has-text-color has-link-color wp-elements-47097dc754dff890b334860decbd809d is-layout-flow wp-block-details-is-layout-flow\"><summary>Miedos y fobias frecuentes<\/summary>\n<p><em>Ha vivido un episodio de peligro y vive atemorizado por que se repita, evita exponerse al est\u00edmulo temido con frecuencia, tiene pensamientos catastrofistas sobre hechos que a\u00fan no han pasado, est\u00e1 limitando aspectos de su vida para evitar enfrentarse a un miedo, etc.<\/em><\/p>\n<\/details>\n\n\n\n<details class=\"wp-block-details has-tertiary-color has-text-color has-link-color wp-elements-bc5d17b30a853cfbeecbcdbfb13c89e9 is-layout-flow wp-block-details-is-layout-flow\"><summary>Gesti\u00f3n de emociones<\/summary>\n<p><em>Tiene dificultades para reconocer las emociones propias o ajenas, le cuesta gestionar y\/o verbalizar sus emociones, tiene reacciones desproporcionadas a la situaci\u00f3n, se autolesiona para gestionar su malestar, etc.<\/em><\/p>\n<\/details>\n\n\n\n<details class=\"wp-block-details has-tertiary-color has-text-color has-link-color wp-elements-f1fb1cb5f40ef065f013962a0f41f7b3 is-layout-flow wp-block-details-is-layout-flow\"><summary>Dificultad en las relaciones sociales<\/summary>\n<p><em>Muestra dificultad en el trato con otros e inseguridad en las relaciones interpersonales, le cuesta permanecer activo en conversaciones, no tiene un grupo de referencia, le cuesta negociar con iguales, tiene dificultades para iniciar, mantener y finalizar las interacciones, tiene dificultades para poner l\u00edmites, le cuesta expresarse con asertividad, etc<\/em><\/p>\n<\/details>\n\n\n\n<details class=\"wp-block-details has-tertiary-color has-text-color has-link-color wp-elements-33b220c9b33dcbe45e0f0c6ef0898ecb is-layout-flow wp-block-details-is-layout-flow\"><summary>Baja autoestima<\/summary>\n<p><em>Le cuesta estar seguro de s\u00ed mismo, tiende a pedir opini\u00f3n sobre sus cosas a los dem\u00e1s, si algo sale mal le da muchas vueltas o se siente culpable, le cuesta  tomar decisiones, muestra excesivo af\u00e1n por agradar al resto, no pone l\u00edmites, se deja influenciar por el entorno, se autolesiona para gestionar su malestar, etc<\/em><\/p>\n<\/details>\n\n\n\n<details class=\"wp-block-details has-tertiary-color has-text-color has-link-color wp-elements-e1c249f683d76a78eb4791600fd1c203 is-layout-flow wp-block-details-is-layout-flow\"><summary>Ansiedad y agobio<\/summary>\n<p><em>Anticipa negativamente lo que va a suceder, tiene dificultad de dormir cuando algo le preocupa, se bloquea ante ciertas situaciones, se queja de dolor de pecho o le cuesta respirar, necesita tener todo bajo control, los cambios le ponen nervioso, entra en bucle cuando algo le preocupa, etc.<\/em><\/p>\n<\/details>\n<\/div>\n\n\n\n<div class=\"wp-block-uagb-container uagb-block-d64365a5\">\n<div class=\"wp-block-uagb-image uagb-block-fa9da9b7 wp-block-uagb-image--layout-default wp-block-uagb-image--effect-static wp-block-uagb-image--align-none\"><figure class=\"wp-block-uagb-image__figure\"><img decoding=\"async\" srcset=\"https:\/\/www.eoniapsicologia.com\/wp-content\/uploads\/2024\/09\/Terapia_adolescentes.jpg ,https:\/\/www.eoniapsicologia.com\/wp-content\/uploads\/2024\/09\/Terapia_adolescentes.jpg 780w, https:\/\/www.eoniapsicologia.com\/wp-content\/uploads\/2024\/09\/Terapia_adolescentes.jpg 360w\" sizes=\"auto, (max-width: 480px) 150px\" src=\"https:\/\/www.eoniapsicologia.com\/wp-content\/uploads\/2024\/09\/Terapia_adolescentes.jpg\" alt=\"\" class=\"uag-image-147\" width=\"550\" height=\"366\" title=\"Terapia_adolescentes\" loading=\"lazy\" role=\"img\"\/><\/figure><\/div>\n<\/div>\n<\/div><\/div>\n\n\n\n<div class=\"wp-block-uagb-separator uagb-block-0c549ed1\"><div class=\"uagb-separator-spacing-wrapper\"><div class=\"wp-block-uagb-separator__inner\" style=\"--my-background-image:\"><\/div><\/div><\/div>\n\n\n\n<h3 class=\"wp-block-heading has-text-align-center has-text-color has-link-color wp-elements-677f813afdacb4b96f9a258c7e9c6ad4\" style=\"color:#14d3e5\">\u00bfC\u00f3mo se trabaja en terapia con un adolescente?<\/h3>\n\n\n\n<p><\/p>\n\n\n\n<p class=\"has-tertiary-color has-text-color has-link-color wp-elements-5fe5f79ce8eaaf64abd7791f96ccf132\">La adolescencia es una etapa muy importante en el desarrollo evolutivo de una persona, pero a veces los cambios personales, sociales y emocionales derivan en alguno de los problemas descritos m\u00e1s arriba. Nuestro equipo de profesionales cuenta con gran experiencia para identificar y resolver cualquier tipo de situaci\u00f3n, trabajando en consulta con el adolescente y proveyendo a los padres de las herramientas necesarias para reforzarlo fuera de consulta.<\/p>\n\n\n\n<div class=\"wp-block-uagb-container uagb-block-5eca2cb2 alignfull uagb-is-root-container\"><div class=\"uagb-container-inner-blocks-wrap\">\n<div class=\"wp-block-uagb-container uagb-block-f17b76d8\">\n<div class=\"wp-block-uagb-info-box uagb-block-9f0e2b93 uagb-infobox__content-wrap  uagb-infobox-icon-above-title uagb-infobox-image-valign-top\"><div class=\"uagb-ifb-content\"><div class=\"uagb-ifb-title-wrap\"><h3 class=\"uagb-ifb-title\">Primera entrevista y evaluaci\u00f3n<\/h3><\/div><p class=\"uagb-ifb-desc\"><br>Antes de iniciar la terapia es necesario conocer las causas del malestar del adolescente para as\u00ed poder establecer los objetivos de terapia y dise\u00f1ar un plan de tratamiento acorde a ellos.<br><br><br><br><\/p><\/div><\/div>\n<\/div>\n\n\n\n<div class=\"wp-block-uagb-container uagb-block-95c9c881\">\n<div class=\"wp-block-uagb-info-box uagb-block-9e12a0c3 uagb-infobox__content-wrap  uagb-infobox-icon-above-title uagb-infobox-image-valign-top\"><div class=\"uagb-ifb-content\"><div class=\"uagb-ifb-title-wrap\"><h3 class=\"uagb-ifb-title\">Intervenci\u00f3n en terapia<\/h3><\/div><p class=\"uagb-ifb-desc\"><br>Durante la terapia se aplicar\u00e1n t\u00e9cnicas adaptadas al paciente para trabajar en los objetivos propuestos. Se realizar\u00e1 en sesiones de 50 minutos en donde se abordar\u00e1n los factores que originan la problem\u00e1tica.<br><br><br><br><\/p><\/div><\/div>\n<\/div>\n\n\n\n<div class=\"wp-block-uagb-container uagb-block-aca34b35\">\n<div class=\"wp-block-uagb-info-box uagb-block-15b4041b uagb-infobox__content-wrap  uagb-infobox-icon-above-title uagb-infobox-image-valign-top\"><div class=\"uagb-ifb-content\"><div class=\"uagb-ifb-title-wrap\"><h3 class=\"uagb-ifb-title\">Comunicaci\u00f3n con padres<\/h3><\/div><p class=\"uagb-ifb-desc\"><br>Nuestros terapeutas est\u00e1n en continua comunicaci\u00f3n con ellos a fin de que entiendan qu\u00e9 factores mantienen la problem\u00e1tica y cu\u00e1les son las herramientas necesarias para seguir trabajando fuera de terapia. Tras cada sesi\u00f3n el terapeuta har\u00e1 una devoluci\u00f3n a los padres explicando lo trabajado ese d\u00eda y c\u00f3mo aplicarlo en casa.<\/p><\/div><\/div>\n<\/div>\n<\/div><\/div>\n\n\n\n<p><\/p>\n","protected":false},"excerpt":{"rendered":"<p>Terapia para adolescentes \u00bfCu\u00e1les son los problemas m\u00e1s frecuentes a los que se enfrenta un adolescente? \u00bfC\u00f3mo se trabaja en terapia con un adolescente? La adolescencia es una etapa muy importante en el desarrollo evolutivo de una persona, pero a veces los cambios personales, sociales y emocionales derivan en alguno de los problemas descritos m\u00e1s &hellip; <\/p>\n<p class=\"link-more\"><a href=\"https:\/\/www.eoniapsicologia.com\/index.php\/terapia-adolescentes\/\" class=\"more-link\">Leer m\u00e1s<span class=\"screen-reader-text\"> \u00abTerapia adolescentes\u00bb<\/span><\/a><\/p>\n","protected":false},"author":1,"featured_media":0,"parent":0,"menu_order":0,"comment_status":"closed","ping_status":"closed","template":"page-templates\/no-title.php","meta":{"_uag_custom_page_level_css":"","inspiro_hide_title":false,"footnotes":""},"class_list":["post-31","page","type-page","status-publish","hentry"],"uagb_featured_image_src":{"full":false,"thumbnail":false,"medium":false,"medium_large":false,"large":false,"1536x1536":false,"2048x2048":false,"inspiro-featured-image":false,"inspiro-loop":false,"inspiro-loop@2x":false},"uagb_author_info":{"display_name":"admin","author_link":"https:\/\/www.eoniapsicologia.com\/author\/admin\/"},"uagb_comment_info":0,"uagb_excerpt":"Terapia para adolescentes \u00bfCu\u00e1les son los problemas m\u00e1s frecuentes a los que se enfrenta un adolescente? \u00bfC\u00f3mo se trabaja en terapia con un adolescente? La adolescencia es una etapa muy importante en el desarrollo evolutivo de una persona, pero a veces los cambios personales, sociales y emocionales derivan en alguno de los problemas descritos m\u00e1s&hellip;","_links":{"self":[{"href":"https:\/\/www.eoniapsicologia.com\/index.php\/wp-json\/wp\/v2\/pages\/31","targetHints":{"allow":["GET"]}}],"collection":[{"href":"https:\/\/www.eoniapsicologia.com\/index.php\/wp-json\/wp\/v2\/pages"}],"about":[{"href":"https:\/\/www.eoniapsicologia.com\/index.php\/wp-json\/wp\/v2\/types\/page"}],"author":[{"embeddable":true,"href":"https:\/\/www.eoniapsicologia.com\/index.php\/wp-json\/wp\/v2\/users\/1"}],"replies":[{"embeddable":true,"href":"https:\/\/www.eoniapsicologia.com\/index.php\/wp-json\/wp\/v2\/comments?post=31"}],"version-history":[{"count":29,"href":"https:\/\/www.eoniapsicologia.com\/index.php\/wp-json\/wp\/v2\/pages\/31\/revisions"}],"predecessor-version":[{"id":739,"href":"https:\/\/www.eoniapsicologia.com\/index.php\/wp-json\/wp\/v2\/pages\/31\/revisions\/739"}],"wp:attachment":[{"href":"https:\/\/www.eoniapsicologia.com\/index.php\/wp-json\/wp\/v2\/media?parent=31"}],"curies":[{"name":"wp","href":"https:\/\/api.w.org\/{rel}","templated":true}]}}