{"id":33,"date":"2024-09-10T16:59:40","date_gmt":"2024-09-10T14:59:40","guid":{"rendered":"https:\/\/www.eoniapsicologia.com\/?page_id=33"},"modified":"2025-01-20T22:23:07","modified_gmt":"2025-01-20T21:23:07","slug":"terapia-grupal","status":"publish","type":"page","link":"https:\/\/www.eoniapsicologia.com\/index.php\/terapia-grupal\/","title":{"rendered":"Terapia grupal"},"content":{"rendered":"\n<h2 class=\"wp-block-heading has-text-align-center has-tertiary-color has-text-color has-link-color wp-elements-4d28f71397b850ba09d4cda6302e1186\">Terapia grupal<\/h2>\n\n\n\n<p class=\"has-tertiary-color has-text-color has-link-color wp-elements-295667a1930043b58abd109aebccb08a\">Nuestras terapias de grupo tienen como objetivo que la dimensi\u00f3n social sirva de catalizador para que cada persona exprese sus preocupaciones y motivar la ayuda entre el resto de individuos, siempre bajo la moderaci\u00f3n de un profesional.<\/p>\n\n\n\n<p class=\"has-tertiary-color has-text-color has-link-color wp-elements-dcf850fb28546cb6d068abbd48a001ec\">Utilizamos esta metodolog\u00eda cuando los objetivos de tratamiento se ven condicionados por la interacci\u00f3n del paciente con el entorno. En este caso, para trabajarlos correctamente es necesario un entorno en el que la persona est\u00e9 en contacto con sus iguales, como puede ser en el desarrollo de habilidades sociales o de recursos atencionales.<\/p>\n\n\n\n<div class=\"wp-block-uagb-container uagb-block-eca81bd8 alignfull uagb-is-root-container\"><div class=\"uagb-container-inner-blocks-wrap\">\n<div class=\"wp-block-uagb-container uagb-block-dc308a1e\">\n<p class=\"has-text-color has-link-color has-medium-font-size wp-elements-12e92a34df39602f07ac97bbcf315d8c\" style=\"color:#14d3e5\"><strong>\u00bfEn qu\u00e9 \u00e1reas puede ayudar la terapia grupal?<\/strong><\/p>\n\n\n\n<div class=\"wp-block-uagb-icon-list uagb-block-b55fb8d6\"><div class=\"uagb-icon-list__wrap\">\n<div class=\"wp-block-uagb-icon-list-child uagb-block-5a3f0f08\"><span class=\"uagb-icon-list__source-wrap\"><svg xmlns=\"https:\/\/www.w3.org\/2000\/svg\" viewBox=\"0 0 512 512\"><path d=\"M256 8C119 8 8 119 8 256S119 504 256 504 504 393 504 256 393 8 256 8zm48.2 326.1h-181L207.9 178h181z\"><\/path><\/svg><\/span><span class=\"uagb-icon-list__label\">Favorecer las propias capacidades<\/span><\/div>\n\n\n\n<div class=\"wp-block-uagb-icon-list-child uagb-block-1f6e353e\"><span class=\"uagb-icon-list__source-wrap\"><svg xmlns=\"https:\/\/www.w3.org\/2000\/svg\" viewBox=\"0 0 512 512\"><path d=\"M256 8C119 8 8 119 8 256S119 504 256 504 504 393 504 256 393 8 256 8zm48.2 326.1h-181L207.9 178h181z\"><\/path><\/svg><\/span><span class=\"uagb-icon-list__label\">Promover el desarrollo evolutivo<\/span><\/div>\n\n\n\n<div class=\"wp-block-uagb-icon-list-child uagb-block-11fde2cf\"><span class=\"uagb-icon-list__source-wrap\"><svg xmlns=\"https:\/\/www.w3.org\/2000\/svg\" viewBox=\"0 0 512 512\"><path d=\"M256 8C119 8 8 119 8 256S119 504 256 504 504 393 504 256 393 8 256 8zm48.2 326.1h-181L207.9 178h181z\"><\/path><\/svg><\/span><span class=\"uagb-icon-list__label\">Potenciar la relaci\u00f3n y comunicaci\u00f3n entre iguales<\/span><\/div>\n\n\n\n<div class=\"wp-block-uagb-icon-list-child uagb-block-a79aefcc\"><span class=\"uagb-icon-list__source-wrap\"><svg xmlns=\"https:\/\/www.w3.org\/2000\/svg\" viewBox=\"0 0 512 512\"><path d=\"M256 8C119 8 8 119 8 256S119 504 256 504 504 393 504 256 393 8 256 8zm48.2 326.1h-181L207.9 178h181z\"><\/path><\/svg><\/span><span class=\"uagb-icon-list__label\">Promover la empat\u00eda<\/span><\/div>\n\n\n\n<div class=\"wp-block-uagb-icon-list-child uagb-block-fe83c5f3\"><span class=\"uagb-icon-list__source-wrap\"><svg xmlns=\"https:\/\/www.w3.org\/2000\/svg\" viewBox=\"0 0 512 512\"><path d=\"M256 8C119 8 8 119 8 256S119 504 256 504 504 393 504 256 393 8 256 8zm48.2 326.1h-181L207.9 178h181z\"><\/path><\/svg><\/span><span class=\"uagb-icon-list__label\">Favorecer la relaci\u00f3n y regulaci\u00f3n de las emociones<\/span><\/div>\n<\/div><\/div>\n\n\n\n<p class=\"has-text-color has-link-color has-medium-font-size wp-elements-3aab08171a9ce5c187380492f99a542f\" style=\"color:#14d3e5\"><strong>\u00bfQu\u00e9 se trabaja en terapia grupal?<\/strong><\/p>\n\n\n\n<div class=\"wp-block-uagb-icon-list uagb-block-b2a9b05b\"><div class=\"uagb-icon-list__wrap\">\n<div class=\"wp-block-uagb-icon-list-child uagb-block-226cf0bc\"><span class=\"uagb-icon-list__source-wrap\"><svg xmlns=\"https:\/\/www.w3.org\/2000\/svg\" viewBox=\"0 0 512 512\"><path d=\"M256 8C119 8 8 119 8 256S119 504 256 504 504 393 504 256 393 8 256 8zm48.2 326.1h-181L207.9 178h181z\"><\/path><\/svg><\/span><span class=\"uagb-icon-list__label\">Dificultades atencionales<\/span><\/div>\n\n\n\n<div class=\"wp-block-uagb-icon-list-child uagb-block-139127cc\"><span class=\"uagb-icon-list__source-wrap\"><svg xmlns=\"https:\/\/www.w3.org\/2000\/svg\" viewBox=\"0 0 512 512\"><path d=\"M256 8C119 8 8 119 8 256S119 504 256 504 504 393 504 256 393 8 256 8zm48.2 326.1h-181L207.9 178h181z\"><\/path><\/svg><\/span><span class=\"uagb-icon-list__label\">Dificultades escolares<\/span><\/div>\n\n\n\n<div class=\"wp-block-uagb-icon-list-child uagb-block-e12f7829\"><span class=\"uagb-icon-list__source-wrap\"><svg xmlns=\"https:\/\/www.w3.org\/2000\/svg\" viewBox=\"0 0 512 512\"><path d=\"M256 8C119 8 8 119 8 256S119 504 256 504 504 393 504 256 393 8 256 8zm48.2 326.1h-181L207.9 178h181z\"><\/path><\/svg><\/span><span class=\"uagb-icon-list__label\">Dificultades en las relaciones sociales<\/span><\/div>\n<\/div><\/div>\n<\/div>\n\n\n\n<div class=\"wp-block-uagb-container uagb-block-b122a78a\">\n<figure class=\"wp-block-image size-full is-resized\"><img loading=\"lazy\" decoding=\"async\" width=\"2560\" height=\"1709\" src=\"https:\/\/www.eoniapsicologia.com\/wp-content\/uploads\/2025\/01\/grupo_ninos_1-1-scaled.jpg\" alt=\"\" class=\"wp-image-691\" style=\"width:542px;height:auto\" srcset=\"https:\/\/www.eoniapsicologia.com\/wp-content\/uploads\/2025\/01\/grupo_ninos_1-1-scaled.jpg 2560w, https:\/\/www.eoniapsicologia.com\/wp-content\/uploads\/2025\/01\/grupo_ninos_1-1-300x200.jpg 300w, https:\/\/www.eoniapsicologia.com\/wp-content\/uploads\/2025\/01\/grupo_ninos_1-1-1024x684.jpg 1024w, https:\/\/www.eoniapsicologia.com\/wp-content\/uploads\/2025\/01\/grupo_ninos_1-1-2000x1335.jpg 2000w\" sizes=\"auto, (max-width: 2560px) 100vw, 2560px\" \/><\/figure>\n<\/div>\n<\/div><\/div>\n\n\n\n<div class=\"wp-block-uagb-buttons uagb-buttons__outer-wrap uagb-btn__default-btn uagb-btn-tablet__default-btn uagb-btn-mobile__default-btn uagb-block-03674380\"><div class=\"uagb-buttons__wrap uagb-buttons-layout-wrap \">\n<div class=\"wp-block-uagb-buttons-child uagb-buttons__outer-wrap uagb-block-ef7712b5 wp-block-button\"><div class=\"uagb-button__wrapper\"><a class=\"uagb-buttons-repeater wp-block-button__link\" aria-label=\"\" href=\"https:\/\/www.eoniapsicologia.com\/index.php\/contacto\/\" rel=\"follow noopener\" target=\"_self\" role=\"button\"><div class=\"uagb-button__link\">Pide una cita<\/div><\/a><\/div><\/div>\n<\/div><\/div>\n\n\n\n<p><\/p>\n","protected":false},"excerpt":{"rendered":"<p>Terapia grupal Nuestras terapias de grupo tienen como objetivo que la dimensi\u00f3n social sirva de catalizador para que cada persona exprese sus preocupaciones y motivar la ayuda entre el resto de individuos, siempre bajo la moderaci\u00f3n de un profesional. Utilizamos esta metodolog\u00eda cuando los objetivos de tratamiento se ven condicionados por la interacci\u00f3n del paciente &hellip; <\/p>\n<p class=\"link-more\"><a href=\"https:\/\/www.eoniapsicologia.com\/index.php\/terapia-grupal\/\" class=\"more-link\">Leer m\u00e1s<span class=\"screen-reader-text\"> \u00abTerapia grupal\u00bb<\/span><\/a><\/p>\n","protected":false},"author":1,"featured_media":0,"parent":0,"menu_order":0,"comment_status":"closed","ping_status":"closed","template":"page-templates\/no-title.php","meta":{"_uag_custom_page_level_css":"","inspiro_hide_title":false,"footnotes":""},"class_list":["post-33","page","type-page","status-publish","hentry"],"uagb_featured_image_src":{"full":false,"thumbnail":false,"medium":false,"medium_large":false,"large":false,"1536x1536":false,"2048x2048":false,"inspiro-featured-image":false,"inspiro-loop":false,"inspiro-loop@2x":false},"uagb_author_info":{"display_name":"admin","author_link":"https:\/\/www.eoniapsicologia.com\/author\/admin\/"},"uagb_comment_info":0,"uagb_excerpt":"Terapia grupal Nuestras terapias de grupo tienen como objetivo que la dimensi\u00f3n social sirva de catalizador para que cada persona exprese sus preocupaciones y motivar la ayuda entre el resto de individuos, siempre bajo la moderaci\u00f3n de un profesional. Utilizamos esta metodolog\u00eda cuando los objetivos de tratamiento se ven condicionados por la interacci\u00f3n del paciente&hellip;","_links":{"self":[{"href":"https:\/\/www.eoniapsicologia.com\/index.php\/wp-json\/wp\/v2\/pages\/33","targetHints":{"allow":["GET"]}}],"collection":[{"href":"https:\/\/www.eoniapsicologia.com\/index.php\/wp-json\/wp\/v2\/pages"}],"about":[{"href":"https:\/\/www.eoniapsicologia.com\/index.php\/wp-json\/wp\/v2\/types\/page"}],"author":[{"embeddable":true,"href":"https:\/\/www.eoniapsicologia.com\/index.php\/wp-json\/wp\/v2\/users\/1"}],"replies":[{"embeddable":true,"href":"https:\/\/www.eoniapsicologia.com\/index.php\/wp-json\/wp\/v2\/comments?post=33"}],"version-history":[{"count":13,"href":"https:\/\/www.eoniapsicologia.com\/index.php\/wp-json\/wp\/v2\/pages\/33\/revisions"}],"predecessor-version":[{"id":693,"href":"https:\/\/www.eoniapsicologia.com\/index.php\/wp-json\/wp\/v2\/pages\/33\/revisions\/693"}],"wp:attachment":[{"href":"https:\/\/www.eoniapsicologia.com\/index.php\/wp-json\/wp\/v2\/media?parent=33"}],"curies":[{"name":"wp","href":"https:\/\/api.w.org\/{rel}","templated":true}]}}