{"id":34,"date":"2024-09-10T16:59:40","date_gmt":"2024-09-10T14:59:40","guid":{"rendered":"https:\/\/www.eoniapsicologia.com\/?page_id=34"},"modified":"2024-09-25T23:43:37","modified_gmt":"2024-09-25T21:43:37","slug":"informe-psicologico","status":"publish","type":"page","link":"https:\/\/www.eoniapsicologia.com\/index.php\/informe-psicologico\/","title":{"rendered":"Evaluaci\u00f3n psicopedag\u00f3gica"},"content":{"rendered":"\n<h2 class=\"wp-block-heading has-text-align-center has-tertiary-color has-text-color has-link-color wp-elements-dcefb6306aed7355886af93ece049b75\">Evaluaci\u00f3n psicopedag\u00f3gica<\/h2>\n\n\n\n<div class=\"wp-block-uagb-container uagb-block-beb03e4e alignfull uagb-is-root-container\"><div class=\"uagb-container-inner-blocks-wrap\">\n<div class=\"wp-block-uagb-container uagb-block-3b1c40cc\">\n<p class=\"has-text-color has-link-color wp-elements-e1dc907c48636d17a5f47727cbdc5f99\" style=\"color:#14d3e5;font-size:clamp(17.905px, 1.119rem + ((1vw - 3.2px) * 0.893), 28px);\"><strong>\u00bfQu\u00e9 es?<\/strong><\/p>\n\n\n\n<p class=\"has-tertiary-color has-text-color has-link-color wp-elements-cc2920634b8124727748bed748c58ec7\">Una evaluaci\u00f3n psicopedag\u00f3gica es un proceso de recolecci\u00f3n, an\u00e1lisis y valoraci\u00f3n de informaci\u00f3n acerca de las \u00e1reas de desarrollo de la persona evaluada: cognitiva, emocional, social y conductual. A trav\u00e9s de unos instrumentos estandarizados y distintas t\u00e9cnicas de evaluaci\u00f3n, detectamos tanto la presencia de dificultades como de puntos fuertes.<\/p>\n\n\n\n<p class=\"has-text-color has-link-color wp-elements-7942b48dd052474e96644bc814232796\" style=\"color:#14d3e5;font-size:clamp(17.905px, 1.119rem + ((1vw - 3.2px) * 0.893), 28px);\"><strong>\u00bfPara qu\u00e9 sirve?<\/strong><\/p>\n\n\n\n<p class=\"has-tertiary-color has-text-color has-link-color wp-elements-fb63fa4a50d19aaeb67177a5f2d30af9\">A trav\u00e9s de una evaluaci\u00f3n podemos conocer las caracter\u00edsticas individuales en los distintos contextos de la vida del paciente y as\u00ed poder dise\u00f1ar las estrategias de apoyo \u00f3ptimas con las que trabajar en las \u00e1reas que necesite reforzar. Nos permite:<\/p>\n\n\n\n<div class=\"wp-block-uagb-icon-list uagb-block-e26dcc41\"><div class=\"uagb-icon-list__wrap\">\n<div class=\"wp-block-uagb-icon-list-child uagb-block-bb57b0f4\"><span class=\"uagb-icon-list__source-wrap\"><svg xmlns=\"https:\/\/www.w3.org\/2000\/svg\" viewBox=\"0 0 512 512\"><path d=\"M256 8C119 8 8 119 8 256S119 504 256 504 504 393 504 256 393 8 256 8zm48.2 326.1h-181L207.9 178h181z\"><\/path><\/svg><\/span><span class=\"uagb-icon-list__label\">Detectar problemas en las funciones cognitivas (atenci\u00f3n, memoria, lenguaje, funciones ejecutivas, razonamiento)<\/span><\/div>\n\n\n\n<div class=\"wp-block-uagb-icon-list-child uagb-block-17cb129f\"><span class=\"uagb-icon-list__source-wrap\"><svg xmlns=\"https:\/\/www.w3.org\/2000\/svg\" viewBox=\"0 0 512 512\"><path d=\"M256 8C119 8 8 119 8 256S119 504 256 504 504 393 504 256 393 8 256 8zm48.2 326.1h-181L207.9 178h181z\"><\/path><\/svg><\/span><span class=\"uagb-icon-list__label\">Identificar puntos fuertes y d\u00e9biles entre las diferentes \u00e1reas de desarrollo<\/span><\/div>\n\n\n\n<div class=\"wp-block-uagb-icon-list-child uagb-block-33d7042a\"><span class=\"uagb-icon-list__source-wrap\"><svg xmlns=\"https:\/\/www.w3.org\/2000\/svg\" viewBox=\"0 0 512 512\"><path d=\"M256 8C119 8 8 119 8 256S119 504 256 504 504 393 504 256 393 8 256 8zm48.2 326.1h-181L207.9 178h181z\"><\/path><\/svg><\/span><span class=\"uagb-icon-list__label\">Valorar la presencia de malestar emocional (depresi\u00f3n, ansiedad, agresividad, estr\u00e9s)<\/span><\/div>\n\n\n\n<div class=\"wp-block-uagb-icon-list-child uagb-block-fbc5e706\"><span class=\"uagb-icon-list__source-wrap\"><svg xmlns=\"https:\/\/www.w3.org\/2000\/svg\" viewBox=\"0 0 512 512\"><path d=\"M256 8C119 8 8 119 8 256S119 504 256 504 504 393 504 256 393 8 256 8zm48.2 326.1h-181L207.9 178h181z\"><\/path><\/svg><\/span><span class=\"uagb-icon-list__label\">Valorar la presencia de malestar social (aislamiento, acoso, falta de habilidades sociales)<\/span><\/div>\n\n\n\n<div class=\"wp-block-uagb-icon-list-child uagb-block-29901755\"><span class=\"uagb-icon-list__source-wrap\"><svg xmlns=\"https:\/\/www.w3.org\/2000\/svg\" viewBox=\"0 0 512 512\"><path d=\"M256 8C119 8 8 119 8 256S119 504 256 504 504 393 504 256 393 8 256 8zm48.2 326.1h-181L207.9 178h181z\"><\/path><\/svg><\/span><span class=\"uagb-icon-list__label\">Establecer unos objetivos concretos sobre los que trabajar<\/span><\/div>\n\n\n\n<div class=\"wp-block-uagb-icon-list-child uagb-block-d87a24df\"><span class=\"uagb-icon-list__source-wrap\"><svg xmlns=\"https:\/\/www.w3.org\/2000\/svg\" viewBox=\"0 0 512 512\"><path d=\"M256 8C119 8 8 119 8 256S119 504 256 504 504 393 504 256 393 8 256 8zm48.2 326.1h-181L207.9 178h181z\"><\/path><\/svg><\/span><span class=\"uagb-icon-list__label\">Elaborar un programa de intervenci\u00f3n detallado acorde a los resultados obtenidos en la evaluaci\u00f3n.<\/span><\/div>\n<\/div><\/div>\n<\/div>\n\n\n\n<figure class=\"wp-block-image alignright size-full\"><img loading=\"lazy\" decoding=\"async\" width=\"3648\" height=\"5472\" src=\"https:\/\/www.eoniapsicologia.com\/wp-content\/uploads\/2024\/09\/Evaluacion_foto-1.jpg\" alt=\"\" class=\"wp-image-235\"\/><\/figure>\n<\/div><\/div>\n\n\n\n<p class=\"has-text-align-center has-text-color has-link-color wp-elements-4be06598b36382da6e41000198fafa16\" style=\"color:#14d3e5;font-size:clamp(17.905px, 1.119rem + ((1vw - 3.2px) * 0.893), 28px);\"><strong>\u00bfEn qu\u00e9 consisten nuestras evaluaciones psicopedag\u00f3gicas?<\/strong><\/p>\n\n\n\n<div class=\"wp-block-columns is-layout-flex wp-container-core-columns-is-layout-28f84493 wp-block-columns-is-layout-flex\">\n<div class=\"wp-block-column is-layout-flow wp-block-column-is-layout-flow\">\n<div class=\"wp-block-uagb-container uagb-block-4ca7fa87 alignfull uagb-is-root-container\"><div class=\"uagb-container-inner-blocks-wrap\">\n<p class=\"has-text-align-center has-tertiary-color has-text-color has-link-color has-medium-font-size wp-elements-684cf8dbe36555c4a844cba46812161e\"><strong>Entrevista inicial<\/strong><\/p>\n\n\n\n<p class=\"has-text-align-center has-tertiary-color has-text-color has-link-color wp-elements-7a139437bac66c3b48dfd78b41c98189\">Entrevista con los progenitores para conocer las necesidades de la evaluaci\u00f3n, los antecedentes del menor y la existencia de informes previos.<br><br><em>Duraci\u00f3n aproximada: 50 minutos<\/em><\/p>\n<\/div><\/div>\n<\/div>\n\n\n\n<div class=\"wp-block-column is-layout-flow wp-block-column-is-layout-flow\">\n<div class=\"wp-block-uagb-container uagb-block-81d1b152 alignfull uagb-is-root-container\"><div class=\"uagb-container-inner-blocks-wrap\">\n<p class=\"has-text-align-center has-tertiary-color has-text-color has-link-color has-medium-font-size wp-elements-348e9da0d109fbee0b140ab2a50ee73e\"><strong>Proceso de la evaluaci\u00f3n<\/strong><\/p>\n\n\n\n<p class=\"has-text-align-center has-tertiary-color has-text-color has-link-color wp-elements-c2b46ea097f625553aff7811547cb23a\">Usando las pruebas psicom\u00e9dicas necesarias seg\u00fan la caracter\u00edsticas del menor, se eval\u00faa su desempe\u00f1o en distintas \u00e1reas.<br><br><em>Duraci\u00f3n aproximada: 3 horas<\/em><\/p>\n<\/div><\/div>\n<\/div>\n\n\n\n<div class=\"wp-block-column is-layout-flow wp-block-column-is-layout-flow\">\n<div class=\"wp-block-uagb-container uagb-block-3d3b7332 alignfull uagb-is-root-container\"><div class=\"uagb-container-inner-blocks-wrap\">\n<p class=\"has-text-align-center has-tertiary-color has-text-color has-link-color has-medium-font-size wp-elements-34d9e4149906d39b1e0472f827a7fbd8\"><strong>Entrega del informe<\/strong><\/p>\n\n\n\n<p class=\"has-text-align-center has-tertiary-color has-text-color has-link-color wp-elements-03564eb0c0705734f133e80829d71351\">Reuni\u00f3n con los padres para entregar el informe, explicar los resultados y proponer unos objetivos sobre los que trabajar.<br><br><br><em>Duraci\u00f3n aproximada: 45 minutos<\/em><\/p>\n<\/div><\/div>\n<\/div>\n<\/div>\n\n\n\n<p><\/p>\n","protected":false},"excerpt":{"rendered":"<p>Evaluaci\u00f3n psicopedag\u00f3gica \u00bfQu\u00e9 es? Una evaluaci\u00f3n psicopedag\u00f3gica es un proceso de recolecci\u00f3n, an\u00e1lisis y valoraci\u00f3n de informaci\u00f3n acerca de las \u00e1reas de desarrollo de la persona evaluada: cognitiva, emocional, social y conductual. A trav\u00e9s de unos instrumentos estandarizados y distintas t\u00e9cnicas de evaluaci\u00f3n, detectamos tanto la presencia de dificultades como de puntos fuertes. \u00bfPara qu\u00e9 &hellip; <\/p>\n<p class=\"link-more\"><a href=\"https:\/\/www.eoniapsicologia.com\/index.php\/informe-psicologico\/\" class=\"more-link\">Leer m\u00e1s<span class=\"screen-reader-text\"> \u00abEvaluaci\u00f3n psicopedag\u00f3gica\u00bb<\/span><\/a><\/p>\n","protected":false},"author":1,"featured_media":0,"parent":0,"menu_order":0,"comment_status":"closed","ping_status":"closed","template":"page-templates\/no-title.php","meta":{"_uag_custom_page_level_css":"","inspiro_hide_title":false,"footnotes":""},"class_list":["post-34","page","type-page","status-publish","hentry"],"uagb_featured_image_src":{"full":false,"thumbnail":false,"medium":false,"medium_large":false,"large":false,"1536x1536":false,"2048x2048":false,"inspiro-featured-image":false,"inspiro-loop":false,"inspiro-loop@2x":false},"uagb_author_info":{"display_name":"admin","author_link":"https:\/\/www.eoniapsicologia.com\/author\/admin\/"},"uagb_comment_info":0,"uagb_excerpt":"Evaluaci\u00f3n psicopedag\u00f3gica \u00bfQu\u00e9 es? Una evaluaci\u00f3n psicopedag\u00f3gica es un proceso de recolecci\u00f3n, an\u00e1lisis y valoraci\u00f3n de informaci\u00f3n acerca de las \u00e1reas de desarrollo de la persona evaluada: cognitiva, emocional, social y conductual. A trav\u00e9s de unos instrumentos estandarizados y distintas t\u00e9cnicas de evaluaci\u00f3n, detectamos tanto la presencia de dificultades como de puntos fuertes. \u00bfPara qu\u00e9&hellip;","_links":{"self":[{"href":"https:\/\/www.eoniapsicologia.com\/index.php\/wp-json\/wp\/v2\/pages\/34","targetHints":{"allow":["GET"]}}],"collection":[{"href":"https:\/\/www.eoniapsicologia.com\/index.php\/wp-json\/wp\/v2\/pages"}],"about":[{"href":"https:\/\/www.eoniapsicologia.com\/index.php\/wp-json\/wp\/v2\/types\/page"}],"author":[{"embeddable":true,"href":"https:\/\/www.eoniapsicologia.com\/index.php\/wp-json\/wp\/v2\/users\/1"}],"replies":[{"embeddable":true,"href":"https:\/\/www.eoniapsicologia.com\/index.php\/wp-json\/wp\/v2\/comments?post=34"}],"version-history":[{"count":34,"href":"https:\/\/www.eoniapsicologia.com\/index.php\/wp-json\/wp\/v2\/pages\/34\/revisions"}],"predecessor-version":[{"id":537,"href":"https:\/\/www.eoniapsicologia.com\/index.php\/wp-json\/wp\/v2\/pages\/34\/revisions\/537"}],"wp:attachment":[{"href":"https:\/\/www.eoniapsicologia.com\/index.php\/wp-json\/wp\/v2\/media?parent=34"}],"curies":[{"name":"wp","href":"https:\/\/api.w.org\/{rel}","templated":true}]}}