{"id":35,"date":"2024-09-10T16:59:40","date_gmt":"2024-09-10T14:59:40","guid":{"rendered":"https:\/\/www.eoniapsicologia.com\/?page_id=35"},"modified":"2026-02-08T13:07:15","modified_gmt":"2026-02-08T12:07:15","slug":"nuestro-equipo","status":"publish","type":"page","link":"https:\/\/www.eoniapsicologia.com\/index.php\/nuestro-equipo\/","title":{"rendered":"Nuestro equipo"},"content":{"rendered":"\n<h2 class=\"wp-block-heading has-text-align-center has-tertiary-color has-text-color has-link-color wp-elements-ee268f23145ae68ad188f9b3ef9d4820\">\u00bfQui\u00e9nes somos?<\/h2>\n\n\n\n<p>Eonia es un centro de psicolog\u00eda infantojuvenil formado por profesionales con amplia formaci\u00f3n experiencia en psicolog\u00eda infantojuvenil y familiar.<\/p>\n\n\n\n<p>Las sesiones son desarrolladas por profesionales con especialidad curricular en cl\u00ednica, homologaci\u00f3n sanitaria, colegiaci\u00f3n y experiencia en infancia y familia.<\/p>\n\n\n\n<h2 class=\"wp-block-heading has-text-align-center has-text-color has-link-color wp-elements-68c888eb7fec7f7b831dbcb465df8765\" style=\"color:#14d3e5\">Conoce a nuestro equipo<\/h2>\n\n\n\n<p><\/p>\n\n\n\n<div class=\"wp-block-columns is-layout-flex wp-container-core-columns-is-layout-28f84493 wp-block-columns-is-layout-flex\">\n<div class=\"wp-block-column is-layout-flow wp-block-column-is-layout-flow\">\n<figure class=\"wp-block-image aligncenter size-full is-resized has-custom-border is-style-default wp-duotone-unset-1\"><a href=\"https:\/\/www.eoniapsicologia.com\/index.php\/laura-pinuela-martinez\/\"><img loading=\"lazy\" decoding=\"async\" width=\"338\" height=\"450\" src=\"https:\/\/www.eoniapsicologia.com\/wp-content\/uploads\/2026\/02\/Laura_foto-edited.png\" alt=\"\" class=\"has-border-color has-secondary-border-color wp-image-940\" style=\"border-width:5px;aspect-ratio:0.7556935817805382;width:333px;height:auto\" srcset=\"https:\/\/www.eoniapsicologia.com\/wp-content\/uploads\/2026\/02\/Laura_foto-edited.png 338w, https:\/\/www.eoniapsicologia.com\/wp-content\/uploads\/2026\/02\/Laura_foto-edited-225x300.png 225w\" sizes=\"auto, (max-width: 338px) 100vw, 338px\" \/><\/a><\/figure>\n\n\n\n<h3 class=\"wp-block-heading has-text-align-center has-text-color has-link-color wp-elements-f319b26a281a84bee25c655c2977d90c\" style=\"color:#14d3e5\"><strong>Laura Pi\u00f1uela Mart\u00ednez<\/strong><\/h3>\n\n\n\n<p class=\"has-text-align-center\">Psic\u00f3loga fundadora de Eonia.<br>Especialista en psicolog\u00eda infantil y de adolescentes.<\/p>\n<\/div>\n\n\n\n<div class=\"wp-block-column is-layout-flow wp-block-column-is-layout-flow\">\n<figure class=\"wp-block-image aligncenter size-full is-resized has-custom-border is-style-default wp-duotone-unset-2\"><a href=\"https:\/\/www.eoniapsicologia.com\/index.php\/laura-merida\"><img loading=\"lazy\" decoding=\"async\" width=\"648\" height=\"864\" src=\"https:\/\/www.eoniapsicologia.com\/wp-content\/uploads\/2026\/02\/Foto_Laura_Merida-1-edited-1.jpeg\" alt=\"\" class=\"has-border-color has-secondary-border-color wp-image-937\" style=\"border-width:5px;aspect-ratio:0.7543362292333485;width:330px;height:auto\" srcset=\"https:\/\/www.eoniapsicologia.com\/wp-content\/uploads\/2026\/02\/Foto_Laura_Merida-1-edited-1.jpeg 648w, https:\/\/www.eoniapsicologia.com\/wp-content\/uploads\/2026\/02\/Foto_Laura_Merida-1-edited-1-225x300.jpeg 225w\" sizes=\"auto, (max-width: 648px) 100vw, 648px\" \/><\/a><\/figure>\n\n\n\n<h3 class=\"wp-block-heading has-text-align-center has-text-color has-link-color wp-elements-78886b5b4f10ae40c19b6eab9abd7866\" style=\"color:#14d3e5\"><strong>Laura M\u00e9rida Mu\u00f1oz<\/strong><\/h3>\n\n\n\n<p class=\"has-text-align-center\">Especialista en psicolog\u00eda infantil y adultos.<\/p>\n<\/div>\n\n\n\n<div class=\"wp-block-column is-layout-flow wp-block-column-is-layout-flow\">\n<figure class=\"wp-block-image aligncenter size-full is-resized has-custom-border is-style-default wp-duotone-unset-3\"><a href=\"https:\/\/www.eoniapsicologia.com\/index.php\/rodrigo-gonzalez\/\"><img loading=\"lazy\" decoding=\"async\" width=\"1536\" height=\"2048\" src=\"https:\/\/www.eoniapsicologia.com\/wp-content\/uploads\/2025\/11\/Opcion_3_Rodrigo-1.jpeg\" alt=\"\" class=\"has-border-color has-secondary-border-color wp-image-782\" style=\"border-width:5px;aspect-ratio:0.7554193621609352;width:331px;height:auto\" srcset=\"https:\/\/www.eoniapsicologia.com\/wp-content\/uploads\/2025\/11\/Opcion_3_Rodrigo-1.jpeg 1536w, https:\/\/www.eoniapsicologia.com\/wp-content\/uploads\/2025\/11\/Opcion_3_Rodrigo-1-225x300.jpeg 225w, https:\/\/www.eoniapsicologia.com\/wp-content\/uploads\/2025\/11\/Opcion_3_Rodrigo-1-768x1024.jpeg 768w\" sizes=\"auto, (max-width: 1536px) 100vw, 1536px\" \/><\/a><\/figure>\n\n\n\n<h3 class=\"wp-block-heading has-text-align-center has-text-color has-link-color wp-elements-65a7908ff07c0066467b023d4041093d\" style=\"color:#14d3e5\"><strong>Rodrigo Gonz\u00e1lez S\u00e1nchez<\/strong><\/h3>\n\n\n\n<p class=\"has-text-align-center\">Especialista en psicolog\u00eda infantojuvenil.<\/p>\n<\/div>\n<\/div>\n\n\n\n<p><\/p>\n","protected":false},"excerpt":{"rendered":"<p>\u00bfQui\u00e9nes somos? Eonia es un centro de psicolog\u00eda infantojuvenil formado por profesionales con amplia formaci\u00f3n experiencia en psicolog\u00eda infantojuvenil y familiar. Las sesiones son desarrolladas por profesionales con especialidad curricular en cl\u00ednica, homologaci\u00f3n sanitaria, colegiaci\u00f3n y experiencia en infancia y familia. Conoce a nuestro equipo Laura Pi\u00f1uela Mart\u00ednez Psic\u00f3loga fundadora de Eonia.Especialista en psicolog\u00eda infantil &hellip; <\/p>\n<p class=\"link-more\"><a href=\"https:\/\/www.eoniapsicologia.com\/index.php\/nuestro-equipo\/\" class=\"more-link\">Leer m\u00e1s<span class=\"screen-reader-text\"> \u00abNuestro equipo\u00bb<\/span><\/a><\/p>\n","protected":false},"author":1,"featured_media":0,"parent":0,"menu_order":0,"comment_status":"closed","ping_status":"closed","template":"page-templates\/no-title.php","meta":{"_uag_custom_page_level_css":"","inspiro_hide_title":false,"footnotes":""},"class_list":["post-35","page","type-page","status-publish","hentry"],"uagb_featured_image_src":{"full":false,"thumbnail":false,"medium":false,"medium_large":false,"large":false,"1536x1536":false,"2048x2048":false,"inspiro-featured-image":false,"inspiro-loop":false,"inspiro-loop@2x":false},"uagb_author_info":{"display_name":"admin","author_link":"https:\/\/www.eoniapsicologia.com\/author\/admin\/"},"uagb_comment_info":0,"uagb_excerpt":"\u00bfQui\u00e9nes somos? Eonia es un centro de psicolog\u00eda infantojuvenil formado por profesionales con amplia formaci\u00f3n experiencia en psicolog\u00eda infantojuvenil y familiar. Las sesiones son desarrolladas por profesionales con especialidad curricular en cl\u00ednica, homologaci\u00f3n sanitaria, colegiaci\u00f3n y experiencia en infancia y familia. Conoce a nuestro equipo Laura Pi\u00f1uela Mart\u00ednez Psic\u00f3loga fundadora de Eonia.Especialista en psicolog\u00eda infantil&hellip;","_links":{"self":[{"href":"https:\/\/www.eoniapsicologia.com\/index.php\/wp-json\/wp\/v2\/pages\/35","targetHints":{"allow":["GET"]}}],"collection":[{"href":"https:\/\/www.eoniapsicologia.com\/index.php\/wp-json\/wp\/v2\/pages"}],"about":[{"href":"https:\/\/www.eoniapsicologia.com\/index.php\/wp-json\/wp\/v2\/types\/page"}],"author":[{"embeddable":true,"href":"https:\/\/www.eoniapsicologia.com\/index.php\/wp-json\/wp\/v2\/users\/1"}],"replies":[{"embeddable":true,"href":"https:\/\/www.eoniapsicologia.com\/index.php\/wp-json\/wp\/v2\/comments?post=35"}],"version-history":[{"count":28,"href":"https:\/\/www.eoniapsicologia.com\/index.php\/wp-json\/wp\/v2\/pages\/35\/revisions"}],"predecessor-version":[{"id":951,"href":"https:\/\/www.eoniapsicologia.com\/index.php\/wp-json\/wp\/v2\/pages\/35\/revisions\/951"}],"wp:attachment":[{"href":"https:\/\/www.eoniapsicologia.com\/index.php\/wp-json\/wp\/v2\/media?parent=35"}],"curies":[{"name":"wp","href":"https:\/\/api.w.org\/{rel}","templated":true}]}}