{"id":789,"date":"2025-11-11T08:43:27","date_gmt":"2025-11-11T07:43:27","guid":{"rendered":"https:\/\/www.eoniapsicologia.com\/?page_id=789"},"modified":"2026-01-05T09:14:01","modified_gmt":"2026-01-05T08:14:01","slug":"material-descargable","status":"publish","type":"page","link":"https:\/\/www.eoniapsicologia.com\/index.php\/material-descargable\/","title":{"rendered":"Material descargable"},"content":{"rendered":"\n<p>En Eonia creemos que el bienestar se cultiva d\u00eda a d\u00eda, a trav\u00e9s de la comprensi\u00f3n, la pr\u00e1ctica y el autocuidado.<\/p>\n\n\n\n<p>Por eso, hemos preparado este espacio con materiales descargables que pueden ayudar a reflexionar, poner en pr\u00e1ctica estrategias y acompa\u00f1ar en el proceso de crecimiento personal.<\/p>\n\n\n\n<p>Recuerda que estos recursos son una gu\u00eda complementaria, y no sustituyen el acompa\u00f1amiento profesional de un proceso terap\u00e9utico. Si deseas profundizar o aplicar estas herramientas con mayor apoyo, nuestro equipo estar\u00e1 encantado de orientarte.<\/p>\n\n\n\n<div class=\"wp-block-buttons is-content-justification-center is-layout-flex wp-container-core-buttons-is-layout-a89b3969 wp-block-buttons-is-layout-flex\">\n<div class=\"wp-block-button\"><a class=\"wp-block-button__link has-secondary-background-color has-background wp-element-button\" href=\"https:\/\/www.eoniapsicologia.com\/index.php\/contacto\/\" style=\"border-top-left-radius:6px;border-top-right-radius:6px;border-bottom-left-radius:6px;border-bottom-right-radius:6px\">PIDE UNA CITA<\/a><\/div>\n<\/div>\n\n\n\n<div class=\"wp-block-group has-global-padding is-layout-constrained wp-block-group-is-layout-constrained\"><\/div>\n\n\n\n<div class=\"wp-block-uagb-container uagb-block-be116825 alignfull uagb-is-root-container\"><div class=\"uagb-container-inner-blocks-wrap\">\n<div class=\"wp-block-uagb-container uagb-block-39f0e96f\">\n<figure class=\"wp-block-image aligncenter size-full is-resized is-style-default\"><img loading=\"lazy\" decoding=\"async\" width=\"758\" height=\"620\" src=\"https:\/\/www.eoniapsicologia.com\/wp-content\/uploads\/2025\/11\/Portada_catalogo.jpg\" alt=\"\" class=\"wp-image-821\" style=\"aspect-ratio:4\/3;object-fit:contain;width:386px\" srcset=\"https:\/\/www.eoniapsicologia.com\/wp-content\/uploads\/2025\/11\/Portada_catalogo.jpg 758w, https:\/\/www.eoniapsicologia.com\/wp-content\/uploads\/2025\/11\/Portada_catalogo-300x245.jpg 300w\" sizes=\"auto, (max-width: 758px) 100vw, 758px\" \/><figcaption class=\"wp-element-caption\"><strong>Cat\u00e1logo de juguetes de Navidad<\/strong>: recomendaci\u00f3n de juegos con fines terap\u00e9uticos<\/figcaption><\/figure>\n<\/div>\n\n\n\n<div class=\"wp-block-file aligncenter has-link-color wp-elements-0c457e219e2985db75262a359e5c4d1d\"><a href=\"https:\/\/www.eoniapsicologia.com\/wp-content\/uploads\/2025\/12\/catalogo-juguetes-navidad-1.pdf\" class=\"wp-block-file__button wp-element-button\" download>Descargar<\/a><\/div>\n<\/div><\/div>\n\n\n\n<div class=\"wp-block-uagb-container uagb-block-b65a34d8 alignfull uagb-is-root-container\"><div class=\"uagb-container-inner-blocks-wrap\">\n<div class=\"wp-block-uagb-container uagb-block-c560b38e\">\n<figure class=\"wp-block-image aligncenter size-full is-resized is-style-default\"><img loading=\"lazy\" decoding=\"async\" width=\"1414\" height=\"1414\" src=\"https:\/\/www.eoniapsicologia.com\/wp-content\/uploads\/2025\/12\/cuaderno-emociones-ninos-edited.jpg\" alt=\"\" class=\"wp-image-844\" style=\"aspect-ratio:4\/3;object-fit:contain;width:386px\" srcset=\"https:\/\/www.eoniapsicologia.com\/wp-content\/uploads\/2025\/12\/cuaderno-emociones-ninos-edited.jpg 1414w, https:\/\/www.eoniapsicologia.com\/wp-content\/uploads\/2025\/12\/cuaderno-emociones-ninos-edited-300x300.jpg 300w, https:\/\/www.eoniapsicologia.com\/wp-content\/uploads\/2025\/12\/cuaderno-emociones-ninos-edited-1024x1024.jpg 1024w, https:\/\/www.eoniapsicologia.com\/wp-content\/uploads\/2025\/12\/cuaderno-emociones-ninos-edited-150x150.jpg 150w\" sizes=\"auto, (max-width: 1414px) 100vw, 1414px\" \/><figcaption class=\"wp-element-caption\"><strong>Cuaderno de las emociones<\/strong>: cuaderno de actividades para trabajar las emociones en casa<\/figcaption><\/figure>\n<\/div>\n\n\n\n<div class=\"wp-block-file aligncenter has-link-color wp-elements-ccb8d6a2772195c0e77dfb719c083496\"><a href=\"https:\/\/www.eoniapsicologia.com\/wp-content\/uploads\/2025\/12\/cuaderno_emociones_ninos.pdf\" class=\"wp-block-file__button wp-element-button\" download>Descargar<\/a><\/div>\n<\/div><\/div>\n\n\n\n<div class=\"wp-block-uagb-container uagb-block-0f14aef6 alignfull uagb-is-root-container\"><div class=\"uagb-container-inner-blocks-wrap\">\n<div class=\"wp-block-uagb-container uagb-block-47f3d0dc\">\n<figure class=\"wp-block-image aligncenter size-full is-resized is-style-default\"><img loading=\"lazy\" decoding=\"async\" width=\"1414\" height=\"2000\" src=\"https:\/\/www.eoniapsicologia.com\/wp-content\/uploads\/2025\/12\/portada_cuaderno_-autoestima_para_ninos-2.jpg\" alt=\"\" class=\"wp-image-857\" style=\"aspect-ratio:4\/3;object-fit:contain;width:386px\" srcset=\"https:\/\/www.eoniapsicologia.com\/wp-content\/uploads\/2025\/12\/portada_cuaderno_-autoestima_para_ninos-2.jpg 1414w, https:\/\/www.eoniapsicologia.com\/wp-content\/uploads\/2025\/12\/portada_cuaderno_-autoestima_para_ninos-2-212x300.jpg 212w, https:\/\/www.eoniapsicologia.com\/wp-content\/uploads\/2025\/12\/portada_cuaderno_-autoestima_para_ninos-2-724x1024.jpg 724w\" sizes=\"auto, (max-width: 1414px) 100vw, 1414px\" \/><figcaption class=\"wp-element-caption\"><strong>Cuaderno de la autoestima<\/strong>: cuaderno de actividades para trabajar la autoestima en casa<\/figcaption><\/figure>\n<\/div>\n\n\n\n<div class=\"wp-block-file aligncenter has-link-color wp-elements-dd5169dcf7858b98a58f1ad76249860b\"><a href=\"https:\/\/www.eoniapsicologia.com\/wp-content\/uploads\/2025\/12\/cuaderno_autoestima_para_ninos.pdf\" class=\"wp-block-file__button wp-element-button\" download>Descargar<\/a><\/div>\n<\/div><\/div>\n\n\n\n<p><\/p>\n","protected":false},"excerpt":{"rendered":"<p>En Eonia creemos que el bienestar se cultiva d\u00eda a d\u00eda, a trav\u00e9s de la comprensi\u00f3n, la pr\u00e1ctica y el autocuidado. Por eso, hemos preparado este espacio con materiales descargables que pueden ayudar a reflexionar, poner en pr\u00e1ctica estrategias y acompa\u00f1ar en el proceso de crecimiento personal. Recuerda que estos recursos son una gu\u00eda complementaria, &hellip; <\/p>\n<p class=\"link-more\"><a href=\"https:\/\/www.eoniapsicologia.com\/index.php\/material-descargable\/\" class=\"more-link\">Leer m\u00e1s<span class=\"screen-reader-text\"> \u00abMaterial descargable\u00bb<\/span><\/a><\/p>\n","protected":false},"author":1,"featured_media":0,"parent":0,"menu_order":0,"comment_status":"closed","ping_status":"closed","template":"","meta":{"_uag_custom_page_level_css":"","inspiro_hide_title":false,"footnotes":""},"class_list":["post-789","page","type-page","status-publish","hentry"],"uagb_featured_image_src":{"full":false,"thumbnail":false,"medium":false,"medium_large":false,"large":false,"1536x1536":false,"2048x2048":false,"inspiro-featured-image":false,"inspiro-loop":false,"inspiro-loop@2x":false},"uagb_author_info":{"display_name":"admin","author_link":"https:\/\/www.eoniapsicologia.com\/author\/admin\/"},"uagb_comment_info":0,"uagb_excerpt":"En Eonia creemos que el bienestar se cultiva d\u00eda a d\u00eda, a trav\u00e9s de la comprensi\u00f3n, la pr\u00e1ctica y el autocuidado. Por eso, hemos preparado este espacio con materiales descargables que pueden ayudar a reflexionar, poner en pr\u00e1ctica estrategias y acompa\u00f1ar en el proceso de crecimiento personal. Recuerda que estos recursos son una gu\u00eda complementaria,&hellip;","_links":{"self":[{"href":"https:\/\/www.eoniapsicologia.com\/index.php\/wp-json\/wp\/v2\/pages\/789","targetHints":{"allow":["GET"]}}],"collection":[{"href":"https:\/\/www.eoniapsicologia.com\/index.php\/wp-json\/wp\/v2\/pages"}],"about":[{"href":"https:\/\/www.eoniapsicologia.com\/index.php\/wp-json\/wp\/v2\/types\/page"}],"author":[{"embeddable":true,"href":"https:\/\/www.eoniapsicologia.com\/index.php\/wp-json\/wp\/v2\/users\/1"}],"replies":[{"embeddable":true,"href":"https:\/\/www.eoniapsicologia.com\/index.php\/wp-json\/wp\/v2\/comments?post=789"}],"version-history":[{"count":33,"href":"https:\/\/www.eoniapsicologia.com\/index.php\/wp-json\/wp\/v2\/pages\/789\/revisions"}],"predecessor-version":[{"id":877,"href":"https:\/\/www.eoniapsicologia.com\/index.php\/wp-json\/wp\/v2\/pages\/789\/revisions\/877"}],"wp:attachment":[{"href":"https:\/\/www.eoniapsicologia.com\/index.php\/wp-json\/wp\/v2\/media?parent=789"}],"curies":[{"name":"wp","href":"https:\/\/api.w.org\/{rel}","templated":true}]}}